{"id":3900,"date":"2019-02-02T11:10:12","date_gmt":"2019-02-02T10:10:12","guid":{"rendered":"https:\/\/prahl-barsoe.de\/datenschutz\/"},"modified":"2019-02-25T15:58:03","modified_gmt":"2019-02-25T15:58:03","slug":"datenschutz","status":"publish","type":"page","link":"https:\/\/prahl-barsoe.de\/pl\/datenschutz\/","title":{"rendered":"Datenschutz PL"},"content":{"rendered":"<div class=\"wpb-content-wrapper\"><p>[vc_row type=&#8221;vc_default&#8221; margin_top=&#8221;-50&#8243; css=&#8221;.vc_custom_1539090473050{padding-top: 40px !important;padding-bottom: 0px !important;}&#8221;][vc_column offset=&#8221;vc_col-lg-12 vc_col-md-12&#8243;][vc_single_image image=&#8221;3444&#8243; img_size=&#8221;full&#8221; alignment=&#8221;center&#8221; el_class=&#8221;120&#8243;]<div id=\"ultimate-heading-801769d583a703c40\" class=\"uvc-heading ult-adjust-bottom-margin ultimate-heading-801769d583a703c40 uvc-4392 accent-border-color\" data-hspacer=\"no_spacer\"  data-halign=\"center\" style=\"text-align:center\"><div class=\"uvc-heading-spacer no_spacer\" style=\"top\"><\/div><div class=\"uvc-main-heading ult-responsive\"  data-ultimate-target='.uvc-heading.ultimate-heading-801769d583a703c40 h2'  data-responsive-json-new='{\"font-size\":\"desktop:44px;tablet_portrait:30px;\",\"line-height\":\"desktop:54px;tablet_portrait:40px;\"}' ><h2 style=\"font-weight:normal;margin-bottom:10px;\">ochron\u0119 danych<\/h2><\/div><\/div><div id=\"ultimate-heading-839769d583a703cbc\" class=\"uvc-heading ult-adjust-bottom-margin ultimate-heading-839769d583a703cbc uvc-5941 accent-border-color\" data-hspacer=\"no_spacer\"  data-halign=\"left\" style=\"text-align:left\"><div class=\"uvc-heading-spacer no_spacer\" style=\"top\"><\/div><div class=\"uvc-sub-heading ult-responsive\"  data-ultimate-target='.uvc-heading.ultimate-heading-839769d583a703cbc .uvc-sub-heading '  data-responsive-json-new='{\"font-size\":\"desktop:22px;mobile_landscape:16px;\",\"line-height\":\"desktop:32px;mobile_landscape:26px;\"}'  style=\"font-weight:normal;color:#333333;margin-bottom:70px;\"><\/p>\n<div class=\"page\" title=\"Page 14\">\n<div class=\"layoutArea\">\n<div class=\"column\">\n<h2><strong>O\u015bwiadczenie o ochronie danych<\/strong><\/h2>\n<p>&nbsp;<\/p>\n<ol>\n<li><strong><strong>Ochrona danych w pigu\u0142ce<\/strong><\/strong><\/li>\n<\/ol>\n<p><strong>Obja\u015bnienia og\u00f3lne<br \/>\n<\/strong>Poni\u017csze obja\u015bnienia t\u0142umacz\u0105, co dzieje si\u0119 z Pa\u0144stwa danymi osobowymi podczas odwiedzania naszej strony internetowej. Dane osobowe to wszystkie dane, poprzez kt\u00f3re mog\u0105 Pa\u0144stwo zosta\u0107 zidentyfikowani. Wyczerpuj\u0105ce informacje na temat ochrony danych uzyskaj\u0105 Pa\u0144stwo z poni\u017cszego o\u015bwiadczenia.<\/p>\n<p>&nbsp;<\/p>\n<p><strong>Gromadzenie danych na naszej stronie internetowej<\/strong><\/p>\n<p>Za przetwarzanie danych na niniejszej stronie internetowej odpowiedzialny jest operator (administrator) strony internetowej. Jego dane kontaktowe znajduj\u0105 si\u0119 w impressum u do\u0142u strony.<\/p>\n<p>&nbsp;<\/p>\n<p><strong>W jaki spos\u00f3b gromadzimy Pa\u0144stwa dane?<\/strong><\/p>\n<p>Pa\u0144stwa dane trafiaj\u0105 do nas, poniewa\u017c sami nam je Pa\u0144stwo przekazuj\u0105. S\u0105 to np. dane, kt\u00f3re podaj\u0105 Pa\u0144stwo w formularzach kontaktowych. Inne informacje gromadzone s\u0105 przez nasze systemy IT automatycznie podczas Pa\u0144stwa wizyty na stronie internetowej. S\u0105 to przede wszystkim dane techniczne (np. typ przegl\u0105darki internetowej, system operacyjny lub czas wizyty na stronie). Gromadzenie danych odbywa si\u0119 automatycznie, zaczynaj\u0105c od momentu wej\u015bcia na nasz\u0105 stron\u0119 internetow\u0105.<\/p>\n<p>&nbsp;<\/p>\n<p><strong>W jakim celu przetwarzamy Pa\u0144stwa dane?<\/strong><\/p>\n<p>Cz\u0119\u015b\u0107 danych pobierana jest w celu zapewnienia bezb\u0142\u0119dnego funkcjonowania strony internetowej. Inne dane mog\u0105 by\u0107 u\u017cyte w celu analizy zachowa\u0144 u\u017cytkownik\u00f3w strony.<\/p>\n<p>&nbsp;<\/p>\n<p><strong>Jakie prawa przys\u0142uguj\u0105 Pa\u0144stwu w zwi\u0105zku z ochron\u0105 danych?<\/strong><\/p>\n<p>W ka\u017cdej chwili maj\u0105 Pa\u0144stwo mo\u017cliwo\u015b\u0107 uzyskania bezp\u0142atnej informacji o pochodzeniu odbiorcy oraz celu przechowywania Pa\u0144stwa danych osobowych. Mog\u0105 Pa\u0144stwo ponadto wprowadza\u0107 zmiany, takie jak wycofanie zgody na przetwarzanie danych lub ca\u0142kowite ich usuni\u0119cie. W przypadku jakichkolwiek zapyta\u0144 z zakresu ochrony danych osobowych jeste\u015bmy do Pa\u0144stwa dyspozycji pod adresem podanym w impressum. Istnieje r\u00f3wnie\u017c mo\u017cliwo\u015b\u0107 wniesienia skargi w danej kwestii do w\u0142a\u015bciwego organu nadzoru.<\/p>\n<p>&nbsp;<\/p>\n<p><strong>Narz\u0119dzia analiz oraz narz\u0119dzia podmiot\u00f3w b\u0119d\u0105cych osobami trzecimi<\/strong><\/p>\n<p>Historia przegl\u0105dania w trakcie Pa\u0144stwa odwiedzin na naszej stronie internetowej mo\u017ce podlega\u0107 statystycznej analizie. Dzieje si\u0119 to przede wszystkim poprzez pliki cookies (ciasteczka) oraz za pomoc\u0105 tzw. program\u00f3w do analizy danych. Analiza Pa\u0144stwa historii przegl\u0105dania odbywa si\u0119 z regu\u0142y anonimowo; nie identyfikuje ona Pa\u0144stwa osobi\u015bcie. Mog\u0105 Pa\u0144stwo nie wyrazi\u0107 na ni\u0105 zgody b\u0105d\u017a zapobiec jej poprzez zaniechanie u\u017cywania pewnych narz\u0119dzi.<\/p>\n<p>Szczeg\u00f3\u0142owe informacje na ten temat znajd\u0105 Pa\u0144stwo w poni\u017cszym o\u015bwiadczeniu o ochronie danych.<\/p>\n<p>&nbsp;<\/p>\n<ol start=\"2\">\n<li><strong>Obja\u015bnienia og\u00f3lne oraz obowi\u0105zkowe informacje<\/strong><\/li>\n<\/ol>\n<p><strong>Ochrona danych<\/strong><\/p>\n<p>Operatorzy niniejszych stron internetowych podchodz\u0105 do kwestii ochrony danych osobowych bardzo powa\u017cnie. Traktujemy Pa\u0144stwa dane poufnie i zgodnie z przepisami prawa dot. ochrony danych oraz z przedstawionym o\u015bwiadczeniem o ochronie danych.<\/p>\n<p>&nbsp;<\/p>\n<p>W trakcie korzystania ze strony internetowej gromadzone s\u0105 rozmaite dane osobowe. Dane osobowe s\u0142u\u017c\u0105 Pa\u0144stwa identyfikacji. Niniejsze o\u015bwiadczenie o ochronie danych wyja\u015bnia, jakie dane zostaj\u0105 pobrane oraz do czego i w jakim celu s\u0105 one wykorzystywane.<\/p>\n<p>&nbsp;<\/p>\n<p>Podkre\u015blamy, i\u017c przekazywanie danych w internecie (np. podczas korespondencji mailowej) mo\u017ce by\u0107 nara\u017cone na przecieki. Pe\u0142na ochrona danych przed ingerencj\u0105 os\u00f3b trzecich nie jest mo\u017cliwa.<\/p>\n<p>&nbsp;<\/p>\n<p><strong>Uwagi dotycz\u0105ce podmiotu odpowiedzialnego<\/strong><\/p>\n<p>&nbsp;<\/p>\n<p>Podmiotem odpowiedzialnym za przetwarzanie danych na tej stronie internetowej jest:<\/p>\n<p>Prahl &amp; Barsoe GmbH<\/p>\n<p>Indiastra\u00dfe 3<br \/>\nD-20457 Hamburg<\/p>\n<p>Tel.:\u00a0 \u00a0+49 (0)40 &#8211; 78 10 98 &#8211; 0<br \/>\nFaks: +49 (0)40 &#8211; 78 10 98 &#8211; 29<\/p>\n<p>Adres E-Mail:\u00a0<u><a href=\"mailto:prahl-barsoe@prahl-barsoe.de\">prahl-barsoe@prahl-barsoe.de<\/a><\/u><\/p>\n<p>&nbsp;<\/p>\n<p>Podmiotem odpowiedzialnym jest osoba fizyczna lub prawna, decyduj\u0105ca samodzielnie lub wsp\u00f3lnie z innymi o celach oraz sposobach przetwarzania danych osobowych (np. nazwisk, adres\u00f3w mailowych lub innych).<\/p>\n<p>&nbsp;<\/p>\n<p><strong>Wycofanie zgody na przetwarzanie danych<\/strong><\/p>\n<p>Wiele dzia\u0142a\u0144 zwi\u0105zanych z przetwarzaniem danych uzale\u017cnione jest wy\u0142\u0105cznie od Pa\u0144stwa jednoznacznej zgody. Wyra\u017con\u0105 zgod\u0119 mo\u017cna w ka\u017cdej chwili cofn\u0105\u0107. W tym celu wystarczy napisa\u0107 do nas e-mail. Cofni\u0119cie zgody nie wp\u0142ywa na zgodno\u015b\u0107 z prawem danych przetworzonych przed dokonaniem jej cofni\u0119cia.<\/p>\n<p>&nbsp;<\/p>\n<p><strong>Szyfrowanie certyfikatem SSL lub TLS<\/strong><\/p>\n<p>Ze wzgl\u0119d\u00f3w bezpiecze\u0144stwa oraz ochrony przekazywania poufnych tre\u015bci, jak np. wysy\u0142anych przez Pa\u0144stwa do nas, jako operator\u00f3w strony, zam\u00f3wie\u0144 lub zapyta\u0144, strona ta jest szyfrowana certyfikatem SSL b\u0105d\u017a TLS. Szyfrowane po\u0142\u0105czenie rozpoznaj\u0105 Pa\u0144stwo, gdy adres na pasku przegl\u0105darki zmieni si\u0119 z \u201ehttp:\/\/\u201c na \u201ehttps:\/\/\u201c, a na pasku przegl\u0105darki pojawi si\u0119 k\u0142\u00f3dka.<\/p>\n<p>&nbsp;<\/p>\n<p>Kiedy szyfrowanie certyfikatem SSL b\u0105d\u017a TLS zostaje aktywowane, nie ma mo\u017cliwo\u015bci, by do przekazywanych przez Pa\u0144stwa danych mog\u0142y mie\u0107 dost\u0119p osoby trzecie.<\/p>\n<p>&nbsp;<\/p>\n<p><strong>Dost\u0119p do danych, wycofanie zgody na ich przetwarzanie, usuni\u0119cie danych<\/strong><\/p>\n<p>W ramach obowi\u0105zuj\u0105cych przepis\u00f3w prawa w ka\u017cdej chwili przys\u0142uguje Pa\u0144stwu prawo do uzyskania bezp\u0142atnej informacji o Pa\u0144stwa danych osobowych, ich pochodzeniu, odbiorcach oraz celu ich przetwarzania, a tak\u017ce prawo do wprowadzania w nich ewentualnych zmian; blokowania lub usuwania. W tej kwestii oraz w razie jakichkolwiek pyta\u0144 z zakresu ochrony danych osobowych jeste\u015bmy do Pa\u0144stwa dyspozycji pod adresem podanym w impressum.<\/p>\n<p>&nbsp;<\/p>\n<ol start=\"3\">\n<li><strong>Gromadzenie danych na naszej stronie internetowej<\/strong><\/li>\n<\/ol>\n<p><strong>Cookies<\/strong><\/p>\n<p>Strony internetowe u\u017cywaj\u0105 cz\u0119\u015bciowo tzw. plik\u00f3w cookies. Nie uszkadzaj\u0105 one Pa\u0144stwa komputera ani nie zawieraj\u0105 wirus\u00f3w; s\u0142u\u017c\u0105 do tego, by nasza oferta by\u0142a dla u\u017cytkownika atrakcyjniejsza, efektywniejsza oraz bezpieczniejsza. Cookies to ma\u0142e pliki tekstowe przechowywane przez Pa\u0144stwa komputer oraz zapisywane w przegl\u0105darce.<\/p>\n<p>&nbsp;<\/p>\n<p>U\u017cywane przez nas cookies to w wi\u0119kszo\u015bci tzw. \u201ecookies sesyjne\u201c. Po zako\u0144czeniu Pa\u0144stwa odwiedzin na stronie s\u0105 one automatycznie kasowane. Inne cookies zapisane s\u0105 na Pa\u0144stwa komputerze tak d\u0142ugo, dop\u00f3ki sami ich Pa\u0144stwo nie usun\u0105. Ciasteczka tego typu u\u0142atwiaj\u0105 nam rozpoznanie Pa\u0144stwa przegl\u0105darki przy kolejnej wizycie.<\/p>\n<p>&nbsp;<\/p>\n<p>Mo\u017cliwe jest takie ustawienie przegl\u0105darki, aby informowa\u0142a ona o u\u017cyciu cookies oraz zezwala\u0142a na ich u\u017cycie jedynie w poszczeg\u00f3lnych przypadkach lub te\u017c ca\u0142kowicie je blokowa\u0142a oraz aktywowa\u0142a ich automatycznie usuwanie po zamkni\u0119ciu przegl\u0105darki. Dezaktywacja cookies mo\u017ce ogranicza\u0107 jednak funkcjonalno\u015b\u0107 strony internetowej.<\/p>\n<p>&nbsp;<\/p>\n<p>Niezb\u0119dne do przeprowadzania procedury elektronicznej komunikacji lub s\u0142u\u017c\u0105ce do \u015bwiadczenia na Pa\u0144stwa \u017cyczenie pewnych funkcji (np. funkcja koszyka) cookies gromadzone s\u0105 na podstawie art. 6 lit. f DSGVO (pol. RODO). W interesie prawnym operatora strony internetowej le\u017cy gromadzenie cookies w celu sprawnego technicznie i optymalnego \u015bwiadczenia jego us\u0142ug. Przypadki zapisywania innych cookies (np. do analizy historii przegl\u0105dania) b\u0119d\u0105 w niniejszym o\u015bwiadczeniu traktowane odr\u0119bnie.<\/p>\n<p>&nbsp;<\/p>\n<p><strong>Logi serwera<\/strong><\/p>\n<p>Dostawca us\u0142ug internetowych gromadzi oraz zapisuje informacje automatycznie w tzw. logach serwera, kt\u00f3re s\u0105 nam przekazywane przez Pa\u0144stwa przegl\u0105dark\u0119. S\u0105 to:<\/p>\n<ul>\n<li>typ oraz wersja przegl\u0105darki,<\/li>\n<li>u\u017cywany system operacyjny,<\/li>\n<li>adres internetowy URL,<\/li>\n<li>nazwa hosta u\u017cywanego komputera,<\/li>\n<li>czas odpowiedzi serwera na wys\u0142ane \u017c\u0105danie,<\/li>\n<li>adres IP<\/li>\n<\/ul>\n<p>Nie przeprowadza si\u0119 \u0142\u0105czenia tych plik\u00f3w z innymi \u017ar\u00f3d\u0142ami plik\u00f3w.<\/p>\n<p>&nbsp;<\/p>\n<p>Podstaw\u0105 przetwarzania danych jest art. 6\u00a0 ust. 1 lit. f DSGVO (pol. RODO), zezwalaj\u0105cy na przetwarzanie danych w celu spe\u0142nienia warunk\u00f3w umowy lub realizacji przedumownych czynno\u015bci.<\/p>\n<p>&nbsp;<\/p>\n<p><strong>Formularz kontaktowy<\/strong><\/p>\n<p>Je\u015bli wysy\u0142aj\u0105 Pa\u0144stwo zapytania poprzez formularz kontaktowy, wprowadzone w formularz dane osobowe wraz z\u00a0 informacjami kontaktowymi gromadzone b\u0119d\u0105 w celu przeprowadzenia obs\u0142ugi zapytania oraz w przypadku kontynuacji konwersacji. Danych tych nie przekazujemy dalej bez Pa\u0144stwa zgody.<\/p>\n<p>&nbsp;<\/p>\n<p>Przetwarzanie podanych w formularzu kontaktowym danych dokonywane jest wy\u0142\u0105cznie za Pa\u0144stwa zgod\u0105 (art. 6 ust. 1 lit. a DSGVO (RODO)). W ka\u017cdej chwili mog\u0105 Pa\u0144stwo t\u0119 zgod\u0119 wycofa\u0107. Wystarczy nas o tym poinformowa\u0107, wysy\u0142aj\u0105c e-mail na adres podany w impressum. Cofni\u0119cie zgody nie wp\u0142ywa na zgodno\u015b\u0107 z prawem danych przetworzonych przed dokonaniem jej cofni\u0119cia.<\/p>\n<p>&nbsp;<\/p>\n<p>Podane przez Pa\u0144stwa w formularzu kontaktowym dane przechowywane s\u0105 u nas do momentu wydania nam dyspozycji do ich usuni\u0119cia, wycofania Pa\u0144stwa zgody na ich gromadzenie lub ustania celu ich gromadzenia (np. po zako\u0144czeniu obs\u0142ugi Pa\u0144stwa zapytania). Nie narusza to obowi\u0105zuj\u0105cych przepis\u00f3w prawa \u2013 w szczeg\u00f3lno\u015bci okresu przechowywania danych.<\/p>\n<p>&nbsp;<\/p>\n<ol start=\"4\">\n<li><strong>Narz\u0119dzia do analiz i reklama<\/strong><\/li>\n<\/ol>\n<p><strong>Google Analytics<\/strong><\/p>\n<p>Nasza strona internetowa korzysta z funkcji internetowego narz\u0119dzia do analizy Google Analytics. Dostawc\u0105 jest Google Inc., 1600 Amphitheatre Parkway, Mountain View, CA 94043, USA.<\/p>\n<p>&nbsp;<\/p>\n<p>Google Analytics u\u017cywa tzw. ciasteczek. S\u0105 to zapisywane na Pa\u0144stwa komputerze pliki tekstowe, umo\u017cliwiaj\u0105ce analiz\u0119 statystyki korzystania ze strony internetowej. Wytwarzane za pomoc\u0105 cookies informacje o korzystaniu przez Pa\u0144stwa ze strony internetowej s\u0105 z regu\u0142y przekazywane na serwer Google w USA i tam gromadzone.<\/p>\n<p>&nbsp;<\/p>\n<p>Gromadzenie danych przez ciasteczka Google Analytics zachodzi na podstawie art. 6 ust. 1 lit. F DSGVO (pol. RODO). Interes prawny operatora strony w rozumieniu analizy zachowa\u0144 u\u017cytkownik\u00f3w polega na optymalizacji zar\u00f3wno ofert, jak i reklam internetowych.<\/p>\n<p>&nbsp;<\/p>\n<p><strong>Anonimizacja adres\u00f3w IP<\/strong><\/p>\n<p>Na stronie aktywowali\u015bmy funkcj\u0119 anonimizacji adres\u00f3w IP. Dzi\u0119ki temu Google przed przekazaniem Pa\u0144stwa adresu IP do USA skraca go w obr\u0119bie pa\u0144stw cz\u0142onkowskich Unii Europejskiej oraz innych kraj\u00f3w spoza europejskiego obszaru gospodarczego, z kt\u00f3rymi zawarte zosta\u0142o porozumienie. Jedynie w wyj\u0105tkowych sytuacjach na serwer Google w USA przekazywany jest pe\u0142ny adres IP. Google b\u0119dzie u\u017cywa\u0142o tych informacji w imieniu operatora strony w celu oceny korzystania przez Pa\u0144stwa z serwisu, raportowania aktywno\u015bci na stronach internetowych oraz \u015bwiadczenia wzgl\u0119dem operatora strony dalszych, zwi\u0105zanych z korzystaniem ze stron oraz internetu, us\u0142ug. Przekazany przez Pa\u0144stwa przegl\u0105dark\u0119 w ramach Google Analytics adres IP nie jest \u0142\u0105czony przez Google z innymi danymi.<\/p>\n<p>&nbsp;<\/p>\n<p><strong>Wtyczki do przegl\u0105darek<\/strong><\/p>\n<p>Za pomoc\u0105 odpowiednich ustawie\u0144 przegl\u0105darki mog\u0105 Pa\u0144stwo zapobiec gromadzeniu si\u0119 cookies; zaznaczamy jednak, i\u017c w takiej sytuacji nie b\u0119dzie mo\u017cliwe kompletne korzystanie z funkcji strony. Mog\u0105 Pa\u0144stwo ponadto zapobiec gromadzeniu przez cookies danych dotycz\u0105cych u\u017cytkowania strony (w\u0142\u0105cznie z Pa\u0144stwa adresem IP) na rzecz Google oraz ich przetwarzaniu przez Google poprzez pobranie pod tym linkiem dost\u0119pnych wtyczek do przegl\u0105darki oraz ich zainstalowanie: <a href=\"https:\/\/tools.google.com\/dlpage\/gaoptout?hl=de\">https:\/\/tools.google.com\/dlpage\/gaoptout?hl=de<\/a>.<\/p>\n<p>&nbsp;<\/p>\n<p><strong>Wycofanie zgody na gromadzenie danych<\/strong><\/p>\n<p>Poprzez klikni\u0119cie w poni\u017cszy link mog\u0105 Pa\u0144stwo zapobiec gromadzeniu danych przez Google Analytics. Ustawienie cookies typu \u201eopt-out\u201c zapobiega gromadzeniu Pa\u0144stwa danych podczas przysz\u0142ych wizyt na naszej stronie internetowej: dezaktywacja Google Analytics.<\/p>\n<p>&nbsp;<\/p>\n<p>Wi\u0119cej informacji o danych u\u017cytkownik\u00f3w w Google Analitycs znajd\u0105 Pa\u0144stwo w o\u015bwiadczeniu Google o ochronie danych osobowych: <a href=\"https:\/\/support.google.com\/analytics\/answer\/6004245?hl=de\">https:\/\/support.google.com\/analytics\/answer\/6004245?hl=de<\/a>.<\/p>\n<p>&nbsp;<\/p>\n<p><strong>Przetwarzanie danych dotycz\u0105cych zam\u00f3wie\u0144<\/strong><\/p>\n<p>Zawarli\u015bmy z Google umow\u0119 na przetwarzanie danych dotycz\u0105cych zam\u00f3wie\u0144 i \u015bci\u015ble wdra\u017camy wymogi niemieckich organ\u00f3w ochrony danych wzgl\u0119dem u\u017cywania Google Analytics.<\/p>\n<p>&nbsp;<\/p>\n<p><strong>Google AdWords i Google Conversion-Tracking<\/strong><\/p>\n<p>Nie korzystamy z AdWords oraz nie \u015bledzimy konwersji (tzw. conversion tracking).<\/p>\n<p>&nbsp;<\/p>\n<ol start=\"5\">\n<li><strong>Wtyczki oraz narz\u0119dzia<\/strong><\/li>\n<\/ol>\n<p><strong>Google Maps<\/strong><\/p>\n<p>Za pomoc\u0105 API strona ta korzysta z us\u0142ugi map Google Maps. Dostawc\u0105 jest Google Inc., 1600 Amphitheatre Parkway, Mountain View, CA 94043, USA.<\/p>\n<p>&nbsp;<\/p>\n<p>W celu skorzystania z funkcji Google Maps niezb\u0119dne jest zapisanie Pa\u0144stwa adresu IP. Informacje te s\u0105 z regu\u0142y przekazywane na serwer Google w USA i tam zapisywane. Dostawca tej strony nie ma \u017cadnego wp\u0142ywu na przekazywanie tych danych.<\/p>\n<p>&nbsp;<\/p>\n<p>U\u017cycie Google Maps pomaga atrakcyjnie przedstawi\u0107 nasze oferty online i \u0142atwo odszuka\u0107 podane na naszej stronie miejsca. Stanowi to interes prawny w rozumieniu art. ust D lit f DSGVO (RODO).<\/p>\n<p>&nbsp;<\/p>\n<p>Wi\u0119cej informacji dotycz\u0105cych obchodzenia si\u0119 z danymi u\u017cytkownik\u00f3w uzyskaj\u0105 Pa\u0144stwo w o\u015bwiadczeniu Google o ochronie danych osobowych <a href=\"https:\/\/www.google.de\/intl\/de\/policies\/privacy\/\">https:\/\/www.google.de\/intl\/de\/policies\/privacy\/<\/a>.<\/p>\n<p>&nbsp;<\/p>\n<p><strong>Ramka iframe INFOGATE<\/strong><\/p>\n<p>Strona u\u017cywa\u00a0 ramki iframe w celu informowania klient\u00f3w dhb Logistics IT AG, Martinistr.47-49, 28195 Bremen, Niemcy. Pobierane i zapisywane s\u0105 tutaj wy\u0142\u0105cznie dane klient\u00f3w, kt\u00f3rzy korzystaj\u0105 z us\u0142ugi INFOGATE. Dane te przekazywane s\u0105 operatorowi niniejszej strony internetowej celem realizacji zlece\u0144.<\/p>\n<p>&nbsp;<\/p>\n<p>Gromadzone zostaj\u0105 nast\u0119puj\u0105ce dane:<\/p>\n<ul>\n<li>numer klienta,<\/li>\n<li>kod klienta,<\/li>\n<li>numer kredytobiorcy,<\/li>\n<li>tytu\u0142,<\/li>\n<li>klasa klient\u00f3w,<\/li>\n<li>nazwisko,<\/li>\n<li>adres z podaniem ulicy, kodu pocztowego, miejscowo\u015bci oraz kraju,<\/li>\n<li>NIP,<\/li>\n<li>termin p\u0142atno\u015bci.<\/li>\n<\/ul>\n<p>&nbsp;<\/p>\n<p>O uprawnionej osobie:<\/p>\n<ul>\n<li>tytu\u0142,<\/li>\n<li>imi\u0119, nazwisko,<\/li>\n<li>dzia\u0142,<\/li>\n<li>funkcja,<\/li>\n<li>telefon,<\/li>\n<li>telefon kom\u00f3rkowy,<\/li>\n<li>faks<\/li>\n<li>adres e-mail.<\/li>\n<\/ul>\n<p>&nbsp;<\/p>\n<p>Podczas zg\u0142oszenia ch\u0119ci korzystania z us\u0142ugi INFOGATE za pomoc\u0105\u00a0 adresu e-mail w mailowym systemie informacyjnym gromadzone b\u0119d\u0105 nast\u0119puj\u0105ce dane:<\/p>\n<ul>\n<li>adres e-mail,<\/li>\n<li>wykupiony numer BL, numer kontenera lub numer identyfikacyjny Cargo,<\/li>\n<li>termin zakupu abonamentu,<\/li>\n<li>wyb\u00f3r abonowanych wydarze\u0144.<\/li>\n<\/ul>\n<p>&nbsp;<\/p>\n<p>Dane te b\u0119d\u0105, zgodnie z prawem, gromadzone oraz przetwarzane przez operatora strony. Po ustaniu stosunku roboczego dane b\u0119d\u0105 przechowywane przez przewidziany prawem czas, a nast\u0119pnie zostan\u0105 usuni\u0119te.<\/p>\n<\/div>\n<\/div>\n<\/div>\n<p><\/div><\/div>[\/vc_column][\/vc_row][vc_row][vc_column][vc_column_text]<\/p>\n<p>[\/vc_column_text][\/vc_column][\/vc_row]<\/p>\n<\/div>","protected":false},"excerpt":{"rendered":"<p>[vc_row type=&#8221;vc_default&#8221; margin_top=&#8221;-50&#8243; css=&#8221;.vc_custom_1539090473050{padding-top: 40px !important;padding-bottom: 0px !important;}&#8221;][vc_column offset=&#8221;vc_col-lg-12 vc_col-md-12&#8243;][vc_single_image image=&#8221;3444&#8243; img_size=&#8221;full&#8221; alignment=&#8221;center&#8221; el_class=&#8221;120&#8243;][\/vc_column][\/vc_row][vc_row][vc_column][vc_column_text] [\/vc_column_text][\/vc_column][\/vc_row]<\/p>\n","protected":false},"author":1,"featured_media":0,"parent":0,"menu_order":0,"comment_status":"closed","ping_status":"closed","template":"","meta":{"footnotes":""},"class_list":["post-3900","page","type-page","status-publish","hentry","description-off"],"yoast_head":"<!-- This site is optimized with the Yoast SEO plugin v27.3 - https:\/\/yoast.com\/product\/yoast-seo-wordpress\/ -->\n<title>Datenschutz PL - Prahl &amp; Barsoe<\/title>\n<meta name=\"robots\" content=\"index, follow, max-snippet:-1, max-image-preview:large, max-video-preview:-1\" \/>\n<link rel=\"canonical\" href=\"https:\/\/prahl-barsoe.de\/pl\/datenschutz\/\" \/>\n<meta property=\"og:locale\" content=\"pl_PL\" \/>\n<meta property=\"og:type\" content=\"article\" \/>\n<meta property=\"og:title\" content=\"Datenschutz PL - Prahl &amp; Barsoe\" \/>\n<meta property=\"og:description\" content=\"[vc_row type=&#8221;vc_default&#8221; margin_top=&#8221;-50&#8243; css=&#8221;.vc_custom_1539090473050{padding-top: 40px !important;padding-bottom: 0px !important;}&#8221;][vc_column offset=&#8221;vc_col-lg-12 vc_col-md-12&#8243;][vc_single_image image=&#8221;3444&#8243; img_size=&#8221;full&#8221; alignment=&#8221;center&#8221; el_class=&#8221;120&#8243;][\/vc_column][\/vc_row][vc_row][vc_column][vc_column_text] [\/vc_column_text][\/vc_column][\/vc_row]\" \/>\n<meta property=\"og:url\" content=\"https:\/\/prahl-barsoe.de\/pl\/datenschutz\/\" \/>\n<meta property=\"og:site_name\" content=\"Prahl &amp; Barsoe\" \/>\n<meta property=\"article:modified_time\" content=\"2019-02-25T15:58:03+00:00\" \/>\n<meta name=\"twitter:card\" content=\"summary_large_image\" \/>\n<meta name=\"twitter:label1\" content=\"Szacowany czas czytania\" \/>\n\t<meta name=\"twitter:data1\" content=\"11 minut\" \/>\n<script type=\"application\/ld+json\" class=\"yoast-schema-graph\">{\"@context\":\"https:\\\/\\\/schema.org\",\"@graph\":[{\"@type\":\"WebPage\",\"@id\":\"https:\\\/\\\/prahl-barsoe.de\\\/pl\\\/datenschutz\\\/\",\"url\":\"https:\\\/\\\/prahl-barsoe.de\\\/pl\\\/datenschutz\\\/\",\"name\":\"Datenschutz PL - Prahl &amp; Barsoe\",\"isPartOf\":{\"@id\":\"https:\\\/\\\/prahl-barsoe.de\\\/#website\"},\"datePublished\":\"2019-02-02T10:10:12+00:00\",\"dateModified\":\"2019-02-25T15:58:03+00:00\",\"breadcrumb\":{\"@id\":\"https:\\\/\\\/prahl-barsoe.de\\\/pl\\\/datenschutz\\\/#breadcrumb\"},\"inLanguage\":\"pl-PL\",\"potentialAction\":[{\"@type\":\"ReadAction\",\"target\":[\"https:\\\/\\\/prahl-barsoe.de\\\/pl\\\/datenschutz\\\/\"]}]},{\"@type\":\"BreadcrumbList\",\"@id\":\"https:\\\/\\\/prahl-barsoe.de\\\/pl\\\/datenschutz\\\/#breadcrumb\",\"itemListElement\":[{\"@type\":\"ListItem\",\"position\":1,\"name\":\"Startseite\",\"item\":\"https:\\\/\\\/prahl-barsoe.de\\\/pl\\\/\"},{\"@type\":\"ListItem\",\"position\":2,\"name\":\"Datenschutz PL\"}]},{\"@type\":\"WebSite\",\"@id\":\"https:\\\/\\\/prahl-barsoe.de\\\/#website\",\"url\":\"https:\\\/\\\/prahl-barsoe.de\\\/\",\"name\":\"Prahl &amp; Barsoe\",\"description\":\"\",\"potentialAction\":[{\"@type\":\"SearchAction\",\"target\":{\"@type\":\"EntryPoint\",\"urlTemplate\":\"https:\\\/\\\/prahl-barsoe.de\\\/?s={search_term_string}\"},\"query-input\":{\"@type\":\"PropertyValueSpecification\",\"valueRequired\":true,\"valueName\":\"search_term_string\"}}],\"inLanguage\":\"pl-PL\"}]}<\/script>\n<!-- \/ Yoast SEO plugin. -->","yoast_head_json":{"title":"Datenschutz PL - Prahl &amp; Barsoe","robots":{"index":"index","follow":"follow","max-snippet":"max-snippet:-1","max-image-preview":"max-image-preview:large","max-video-preview":"max-video-preview:-1"},"canonical":"https:\/\/prahl-barsoe.de\/pl\/datenschutz\/","og_locale":"pl_PL","og_type":"article","og_title":"Datenschutz PL - Prahl &amp; Barsoe","og_description":"[vc_row type=&#8221;vc_default&#8221; margin_top=&#8221;-50&#8243; css=&#8221;.vc_custom_1539090473050{padding-top: 40px !important;padding-bottom: 0px !important;}&#8221;][vc_column offset=&#8221;vc_col-lg-12 vc_col-md-12&#8243;][vc_single_image image=&#8221;3444&#8243; img_size=&#8221;full&#8221; alignment=&#8221;center&#8221; el_class=&#8221;120&#8243;][\/vc_column][\/vc_row][vc_row][vc_column][vc_column_text] [\/vc_column_text][\/vc_column][\/vc_row]","og_url":"https:\/\/prahl-barsoe.de\/pl\/datenschutz\/","og_site_name":"Prahl &amp; Barsoe","article_modified_time":"2019-02-25T15:58:03+00:00","twitter_card":"summary_large_image","twitter_misc":{"Szacowany czas czytania":"11 minut"},"schema":{"@context":"https:\/\/schema.org","@graph":[{"@type":"WebPage","@id":"https:\/\/prahl-barsoe.de\/pl\/datenschutz\/","url":"https:\/\/prahl-barsoe.de\/pl\/datenschutz\/","name":"Datenschutz PL - Prahl &amp; Barsoe","isPartOf":{"@id":"https:\/\/prahl-barsoe.de\/#website"},"datePublished":"2019-02-02T10:10:12+00:00","dateModified":"2019-02-25T15:58:03+00:00","breadcrumb":{"@id":"https:\/\/prahl-barsoe.de\/pl\/datenschutz\/#breadcrumb"},"inLanguage":"pl-PL","potentialAction":[{"@type":"ReadAction","target":["https:\/\/prahl-barsoe.de\/pl\/datenschutz\/"]}]},{"@type":"BreadcrumbList","@id":"https:\/\/prahl-barsoe.de\/pl\/datenschutz\/#breadcrumb","itemListElement":[{"@type":"ListItem","position":1,"name":"Startseite","item":"https:\/\/prahl-barsoe.de\/pl\/"},{"@type":"ListItem","position":2,"name":"Datenschutz PL"}]},{"@type":"WebSite","@id":"https:\/\/prahl-barsoe.de\/#website","url":"https:\/\/prahl-barsoe.de\/","name":"Prahl &amp; Barsoe","description":"","potentialAction":[{"@type":"SearchAction","target":{"@type":"EntryPoint","urlTemplate":"https:\/\/prahl-barsoe.de\/?s={search_term_string}"},"query-input":{"@type":"PropertyValueSpecification","valueRequired":true,"valueName":"search_term_string"}}],"inLanguage":"pl-PL"}]}},"_links":{"self":[{"href":"https:\/\/prahl-barsoe.de\/pl\/wp-json\/wp\/v2\/pages\/3900","targetHints":{"allow":["GET"]}}],"collection":[{"href":"https:\/\/prahl-barsoe.de\/pl\/wp-json\/wp\/v2\/pages"}],"about":[{"href":"https:\/\/prahl-barsoe.de\/pl\/wp-json\/wp\/v2\/types\/page"}],"author":[{"embeddable":true,"href":"https:\/\/prahl-barsoe.de\/pl\/wp-json\/wp\/v2\/users\/1"}],"replies":[{"embeddable":true,"href":"https:\/\/prahl-barsoe.de\/pl\/wp-json\/wp\/v2\/comments?post=3900"}],"version-history":[{"count":9,"href":"https:\/\/prahl-barsoe.de\/pl\/wp-json\/wp\/v2\/pages\/3900\/revisions"}],"predecessor-version":[{"id":3909,"href":"https:\/\/prahl-barsoe.de\/pl\/wp-json\/wp\/v2\/pages\/3900\/revisions\/3909"}],"wp:attachment":[{"href":"https:\/\/prahl-barsoe.de\/pl\/wp-json\/wp\/v2\/media?parent=3900"}],"curies":[{"name":"wp","href":"https:\/\/api.w.org\/{rel}","templated":true}]}}