{"id":3891,"date":"2016-02-07T10:05:39","date_gmt":"2016-02-07T10:05:39","guid":{"rendered":"https:\/\/prahl-barsoe.de\/kontakt\/"},"modified":"2019-03-01T12:32:50","modified_gmt":"2019-03-01T12:32:50","slug":"kontakt","status":"publish","type":"page","link":"https:\/\/prahl-barsoe.de\/pl\/kontakt\/","title":{"rendered":"Kontakt"},"content":{"rendered":"<div class=\"wpb-content-wrapper\"><p>[vc_row type=&#8221;vc_default&#8221; margin_top=&#8221;-50&#8243; css=&#8221;.vc_custom_1549108500725{padding-top: 40px !important;padding-bottom: 0px !important;}&#8221; el_id=&#8221;schnellanfrage&#8221;][vc_column offset=&#8221;vc_col-lg-12 vc_col-md-12&#8243;][vc_single_image image=&#8221;3444&#8243; img_size=&#8221;full&#8221; alignment=&#8221;center&#8221; el_class=&#8221;120&#8243;]<div id=\"ultimate-heading-230769e74524182d6\" class=\"uvc-heading ult-adjust-bottom-margin ultimate-heading-230769e74524182d6 uvc-1172 accent-border-color\" data-hspacer=\"no_spacer\"  data-halign=\"center\" style=\"text-align:center\"><div class=\"uvc-heading-spacer no_spacer\" style=\"top\"><\/div><div class=\"uvc-main-heading ult-responsive\"  data-ultimate-target='.uvc-heading.ultimate-heading-230769e74524182d6 h2'  data-responsive-json-new='{\"font-size\":\"desktop:44px;tablet_portrait:30px;\",\"line-height\":\"desktop:54px;tablet_portrait:40px;\"}' ><h2 style=\"font-weight:normal;margin-bottom:10px;\">SZYBKIE ZAPYTANIE<\/h2><\/div><\/div><div id=\"ultimate-heading-175169e7452418408\" class=\"uvc-heading ult-adjust-bottom-margin ultimate-heading-175169e7452418408 uvc-7329 accent-border-color\" data-hspacer=\"no_spacer\"  data-halign=\"left\" style=\"text-align:left\"><div class=\"uvc-heading-spacer no_spacer\" style=\"top\"><\/div><div class=\"uvc-sub-heading ult-responsive\"  data-ultimate-target='.uvc-heading.ultimate-heading-175169e7452418408 .uvc-sub-heading '  data-responsive-json-new='{\"font-size\":\"desktop:22px;mobile_landscape:16px;\",\"line-height\":\"desktop:32px;mobile_landscape:26px;\"}'  style=\"font-weight:normal;color:#333333;margin-bottom:70px;\"><\/p>\n<div class=\"page\" title=\"Page 14\">\n<div class=\"layoutArea\">\n<div class=\"column\">\n<div class=\"page\" title=\"Page 11\">\n<div class=\"section\">\n<div class=\"layoutArea\">\n<div class=\"column\">\n<p style=\"text-align: center;\">Dzi\u0119ki formularzowi szybkiego zapytania mog\u0105 Pa\u0144stwo poda\u0107 nam swoje specyfikacje. Na tej podstawie w kr\u00f3tkim terminie sporz\u0105dzimy dla Pa\u0144stwa ofert\u0119.<\/p>\n<\/div>\n<\/div>\n<\/div>\n<\/div>\n<\/div>\n<\/div>\n<\/div>\n<p><\/div><\/div>[\/vc_column][\/vc_row][vc_row full_width=&#8221;stretch_row&#8221; full_height=&#8221;yes&#8221; bg_type=&#8221;bg_color&#8221; type=&#8221;vc_default&#8221; margin_top=&#8221;-50&#8243; css=&#8221;.vc_custom_1544983292280{padding-top: 40px !important;padding-bottom: 0px !important;}&#8221; bg_color_value=&#8221;#1e73be&#8221;][vc_column offset=&#8221;vc_col-lg-12 vc_col-md-12&#8243;][vc_column_text]\n<div class=\"wpcf7 no-js\" id=\"wpcf7-f3989-o1\" lang=\"de-DE\" dir=\"ltr\" data-wpcf7-id=\"3989\">\n<div class=\"screen-reader-response\"><p role=\"status\" aria-live=\"polite\" aria-atomic=\"true\"><\/p> <ul><\/ul><\/div>\n<form action=\"\/pl\/wp-json\/wp\/v2\/pages\/3891#wpcf7-f3989-o1\" method=\"post\" class=\"wpcf7-form init\" aria-label=\"Kontaktformular\" novalidate=\"novalidate\" data-status=\"init\">\n<fieldset class=\"hidden-fields-container\"><input type=\"hidden\" name=\"_wpcf7\" value=\"3989\" \/><input type=\"hidden\" name=\"_wpcf7_version\" value=\"6.1.5\" \/><input type=\"hidden\" name=\"_wpcf7_locale\" value=\"de_DE\" \/><input type=\"hidden\" name=\"_wpcf7_unit_tag\" value=\"wpcf7-f3989-o1\" \/><input type=\"hidden\" name=\"_wpcf7_container_post\" value=\"0\" \/><input type=\"hidden\" name=\"_wpcf7_posted_data_hash\" value=\"\" \/><input type=\"hidden\" name=\"_wpcf7_recaptcha_response\" value=\"\" \/>\n<\/fieldset>\n<p><label class=\"myForm\">Nazwisko: (pole obowi\u0105zkowe)<br \/>\n<span class=\"wpcf7-form-control-wrap\" data-name=\"your-name\"><input size=\"40\" maxlength=\"400\" class=\"wpcf7-form-control wpcf7-text wpcf7-validates-as-required\" aria-required=\"true\" aria-invalid=\"false\" value=\"\" type=\"text\" name=\"your-name\" \/><\/span> <\/label>\n<\/p>\n<p><label class=\"myForm\">Adres mailowy: (pole obowi\u0105zkowe)<br \/>\n<span class=\"wpcf7-form-control-wrap\" data-name=\"your-email\"><input size=\"40\" maxlength=\"400\" class=\"wpcf7-form-control wpcf7-email wpcf7-validates-as-required wpcf7-text wpcf7-validates-as-email\" aria-required=\"true\" aria-invalid=\"false\" value=\"\" type=\"email\" name=\"your-email\" \/><\/span> <\/label>\n<\/p>\n<p><span class=\"wpcf7-form-control-wrap\" data-name=\"checkbox-774\"><span class=\"wpcf7-form-control wpcf7-checkbox myForm\"><span class=\"wpcf7-list-item first\"><input type=\"checkbox\" name=\"checkbox-774[]\" value=\"Pakowanie\" \/><span class=\"wpcf7-list-item-label\">Pakowanie<\/span><\/span><span class=\"wpcf7-list-item\"><input type=\"checkbox\" name=\"checkbox-774[]\" value=\"Wypakowywanie\" \/><span class=\"wpcf7-list-item-label\">Wypakowywanie<\/span><\/span><span class=\"wpcf7-list-item last\"><input type=\"checkbox\" name=\"checkbox-774[]\" value=\"Sk\u0142adowanie\" \/><span class=\"wpcf7-list-item-label\">Sk\u0142adowanie<\/span><\/span><\/span><\/span>\n<\/p>\n<p><label class=\"myForm\">\u0141adunki ci\u0119\u017ckie:<\/label>\n<\/p>\n<p><label class=\"myForm\"> <span class=\"wpcf7-form-control-wrap\" data-name=\"containertyp\"><input size=\"40\" maxlength=\"400\" class=\"wpcf7-form-control wpcf7-text myForm\" aria-invalid=\"false\" placeholder=\"typ pojemnika:\" value=\"\" type=\"text\" name=\"containertyp\" \/><\/span><\/label>\n<\/p>\n<p><label class=\"myForm\"> <span class=\"wpcf7-form-control-wrap\" data-name=\"groesse\"><input size=\"40\" maxlength=\"400\" class=\"wpcf7-form-control wpcf7-text myForm\" aria-invalid=\"false\" placeholder=\"wielko\u015b\u0107 ok.:\" value=\"\" type=\"text\" name=\"groesse\" \/><\/span><\/label>\n<\/p>\n<p><label class=\"myForm\"> <span class=\"wpcf7-form-control-wrap\" data-name=\"LBH\"><input size=\"40\" maxlength=\"400\" class=\"wpcf7-form-control wpcf7-text myForm\" aria-invalid=\"false\" placeholder=\"D\u0142ugo\u015b\u0107 x szeroko\u015b\u0107 x wysoko\u015b\u0107:\" value=\"\" type=\"text\" name=\"LBH\" \/><\/span><\/label>\n<\/p>\n<p><label class=\"myForm\"> <span class=\"wpcf7-form-control-wrap\" data-name=\"gewicht\"><input size=\"40\" maxlength=\"400\" class=\"wpcf7-form-control wpcf7-text myForm\" aria-invalid=\"false\" placeholder=\"ci\u0119\u017car:\" value=\"\" type=\"text\" name=\"gewicht\" \/><\/span><\/label>\n<\/p>\n<p><label class=\"myForm\"> <span class=\"wpcf7-form-control-wrap\" data-name=\"anzahl\"><input size=\"40\" maxlength=\"400\" class=\"wpcf7-form-control wpcf7-text myForm\" aria-invalid=\"false\" placeholder=\"Ilo\u015b\u0107 (opakowania \/ ok.):\" value=\"\" type=\"text\" name=\"anzahl\" \/><\/span><\/label>\n<\/p>\n<p><label class=\"myForm\">Opis towaru:<br \/>\n<span class=\"wpcf7-form-control-wrap\" data-name=\"your-message\"><textarea cols=\"40\" rows=\"10\" maxlength=\"2000\" class=\"wpcf7-form-control wpcf7-textarea\" aria-invalid=\"false\" name=\"your-message\"><\/textarea><\/span> <\/label><br \/>\n<br \/>\n<input class=\"wpcf7-form-control wpcf7-submit has-spinner\" type=\"submit\" value=\"Wy\u015blij\" \/>\n<\/p><div class=\"wpcf7-response-output\" aria-hidden=\"true\"><\/div>\n<\/form>\n<\/div>\n[\/vc_column_text][\/vc_column][\/vc_row][vc_row type=&#8221;vc_default&#8221; margin_top=&#8221;-50&#8243; css=&#8221;.vc_custom_1548010184301{padding-top: 40px !important;padding-bottom: 0px !important;}&#8221; el_id=&#8221;kontaktform&#8221;][vc_column offset=&#8221;vc_col-lg-12 vc_col-md-12&#8243;][vc_single_image image=&#8221;3444&#8243; img_size=&#8221;full&#8221; alignment=&#8221;center&#8221; el_class=&#8221;120&#8243;]<div id=\"ultimate-heading-890369e745242c750\" class=\"uvc-heading ult-adjust-bottom-margin ultimate-heading-890369e745242c750 uvc-6853 accent-border-color\" data-hspacer=\"no_spacer\"  data-halign=\"center\" style=\"text-align:center\"><div class=\"uvc-heading-spacer no_spacer\" style=\"top\"><\/div><div class=\"uvc-main-heading ult-responsive\"  data-ultimate-target='.uvc-heading.ultimate-heading-890369e745242c750 h2'  data-responsive-json-new='{\"font-size\":\"desktop:44px;tablet_portrait:30px;\",\"line-height\":\"desktop:54px;tablet_portrait:40px;\"}' ><h2 style=\"font-weight:normal;margin-bottom:10px;\">FORMULARZ KONTAKTOWY<\/h2><\/div><\/div><div id=\"ultimate-heading-227369e745242c826\" class=\"uvc-heading ult-adjust-bottom-margin ultimate-heading-227369e745242c826 uvc-1489 accent-border-color\" data-hspacer=\"no_spacer\"  data-halign=\"left\" style=\"text-align:left\"><div class=\"uvc-heading-spacer no_spacer\" style=\"top\"><\/div><div class=\"uvc-sub-heading ult-responsive\"  data-ultimate-target='.uvc-heading.ultimate-heading-227369e745242c826 .uvc-sub-heading '  data-responsive-json-new='{\"font-size\":\"desktop:22px;mobile_landscape:16px;\",\"line-height\":\"desktop:32px;mobile_landscape:26px;\"}'  style=\"font-weight:normal;color:#333333;margin-bottom:70px;\"><\/p>\n<div class=\"page\" title=\"Page 14\">\n<div class=\"layoutArea\">\n<div class=\"column\">\n<div class=\"page\" title=\"Page 11\">\n<div class=\"section\">\n<div class=\"layoutArea\">\n<div class=\"column\">\n<p style=\"text-align: center;\">Za pomoc\u0105 tego formularza kontaktowego mog\u0105 Pa\u0144stwo wys\u0142a\u0107 nam wiadomo\u015b\u0107. Odpowiemy w kr\u00f3tkim czasie.<\/p>\n<\/div>\n<\/div>\n<\/div>\n<\/div>\n<\/div>\n<\/div>\n<\/div>\n<p><\/div><\/div>[vc_column_text]\n<div class=\"wpcf7 no-js\" id=\"wpcf7-f3987-o2\" lang=\"de-DE\" dir=\"ltr\" data-wpcf7-id=\"3987\">\n<div class=\"screen-reader-response\"><p role=\"status\" aria-live=\"polite\" aria-atomic=\"true\"><\/p> <ul><\/ul><\/div>\n<form action=\"\/pl\/wp-json\/wp\/v2\/pages\/3891#wpcf7-f3987-o2\" method=\"post\" class=\"wpcf7-form init\" aria-label=\"Kontaktformular\" novalidate=\"novalidate\" data-status=\"init\">\n<fieldset class=\"hidden-fields-container\"><input type=\"hidden\" name=\"_wpcf7\" value=\"3987\" \/><input type=\"hidden\" name=\"_wpcf7_version\" value=\"6.1.5\" \/><input type=\"hidden\" name=\"_wpcf7_locale\" value=\"de_DE\" \/><input type=\"hidden\" name=\"_wpcf7_unit_tag\" value=\"wpcf7-f3987-o2\" \/><input type=\"hidden\" name=\"_wpcf7_container_post\" value=\"0\" \/><input type=\"hidden\" name=\"_wpcf7_posted_data_hash\" value=\"\" \/><input type=\"hidden\" name=\"_wpcf7_recaptcha_response\" value=\"\" \/>\n<\/fieldset>\n<p><label>Nazwisko: (pole obowi\u0105zkowe)<br \/>\n<span class=\"wpcf7-form-control-wrap\" data-name=\"your-name\"><input size=\"40\" maxlength=\"400\" class=\"wpcf7-form-control wpcf7-text wpcf7-validates-as-required\" aria-required=\"true\" aria-invalid=\"false\" value=\"\" type=\"text\" name=\"your-name\" \/><\/span> <\/label>\n<\/p>\n<p><label>Adres mailowy: (pole obowi\u0105zkowe)<br \/>\n<span class=\"wpcf7-form-control-wrap\" data-name=\"your-email\"><input size=\"40\" maxlength=\"400\" class=\"wpcf7-form-control wpcf7-email wpcf7-validates-as-required wpcf7-text wpcf7-validates-as-email\" aria-required=\"true\" aria-invalid=\"false\" value=\"\" type=\"email\" name=\"your-email\" \/><\/span> <\/label>\n<\/p>\n<p><label>Telefon:<br \/>\n<span class=\"wpcf7-form-control-wrap\" data-name=\"tel-279\"><input size=\"40\" maxlength=\"400\" class=\"wpcf7-form-control wpcf7-tel wpcf7-text wpcf7-validates-as-tel\" aria-invalid=\"false\" value=\"\" type=\"tel\" name=\"tel-279\" \/><\/span><\/label>\n<\/p>\n<p><label>Dotyczy:<br \/>\n<span class=\"wpcf7-form-control-wrap\" data-name=\"your-subject\"><input size=\"40\" maxlength=\"400\" class=\"wpcf7-form-control wpcf7-text\" aria-invalid=\"false\" value=\"\" type=\"text\" name=\"your-subject\" \/><\/span> <\/label>\n<\/p>\n<p><label>Wiadomo\u015b\u0107:<br \/>\n<span class=\"wpcf7-form-control-wrap\" data-name=\"your-message\"><textarea cols=\"40\" rows=\"10\" maxlength=\"2000\" class=\"wpcf7-form-control wpcf7-textarea\" aria-invalid=\"false\" name=\"your-message\"><\/textarea><\/span> <\/label><br \/>\n<br \/>\n<input class=\"wpcf7-form-control wpcf7-submit has-spinner\" type=\"submit\" value=\"Wy\u015blij\" \/>\n<\/p><div class=\"wpcf7-response-output\" aria-hidden=\"true\"><\/div>\n<\/form>\n<\/div>\n[\/vc_column_text][\/vc_column][\/vc_row][vc_row type=&#8221;vc_default&#8221; margin_top=&#8221;-50&#8243; css=&#8221;.vc_custom_1551297477692{padding-top: 40px !important;padding-bottom: 0px !important;}&#8221; el_id=&#8221;anfahrt&#8221;][vc_column offset=&#8221;vc_col-lg-12 vc_col-md-12&#8243;][vc_single_image image=&#8221;3444&#8243; img_size=&#8221;full&#8221; alignment=&#8221;center&#8221; el_class=&#8221;120&#8243;]<div id=\"ultimate-heading-339269e745243df89\" class=\"uvc-heading ult-adjust-bottom-margin ultimate-heading-339269e745243df89 uvc-8027 accent-border-color\" data-hspacer=\"no_spacer\"  data-halign=\"center\" style=\"text-align:center\"><div class=\"uvc-heading-spacer no_spacer\" style=\"top\"><\/div><div class=\"uvc-main-heading ult-responsive\"  data-ultimate-target='.uvc-heading.ultimate-heading-339269e745243df89 h2'  data-responsive-json-new='{\"font-size\":\"desktop:44px;tablet_portrait:30px;\",\"line-height\":\"desktop:54px;tablet_portrait:40px;\"}' ><h2 style=\"font-weight:normal;margin-bottom:10px;\">JAK NAS ZNAL\u017b\u0106<\/h2><\/div><\/div><div id=\"ultimate-heading-354869e745243e090\" class=\"uvc-heading ult-adjust-bottom-margin ultimate-heading-354869e745243e090 uvc-5917 accent-border-color\" data-hspacer=\"no_spacer\"  data-halign=\"left\" style=\"text-align:left\"><div class=\"uvc-heading-spacer no_spacer\" style=\"top\"><\/div><div class=\"uvc-sub-heading ult-responsive\"  data-ultimate-target='.uvc-heading.ultimate-heading-354869e745243e090 .uvc-sub-heading '  data-responsive-json-new='{\"font-size\":\"desktop:22px;mobile_landscape:16px;\",\"line-height\":\"desktop:32px;mobile_landscape:26px;\"}'  style=\"font-weight:normal;color:#333333;margin-bottom:70px;\"><\/p>\n<div class=\"page\" title=\"Page 14\">\n<div class=\"layoutArea\">\n<div class=\"column\">\n<div class=\"page\" title=\"Page 11\">\n<div class=\"section\">\n<div class=\"layoutArea\">\n<div class=\"column\">\n<p style=\"text-align: center;\">Niniejszy plan dojazdu przedstawia drog\u0119 prowadz\u0105c\u0105 do nas. Zapraszamy i czekamy!<\/p>\n<\/div>\n<\/div>\n<\/div>\n<\/div>\n<\/div>\n<\/div>\n<\/div>\n<p><\/div><\/div>[vc_row_inner el_id=&#8221;time&#8221;][vc_column_inner width=&#8221;1\/2&#8243;][vc_wp_text]<\/p>\n<div class=\"page\" title=\"Page 12\">\n<div class=\"section\">\n<div class=\"layoutArea\">\n<div class=\"column\">\n<p>Prahl &amp; Barsoe GmbH<\/p>\n<p>Sk\u0142adowanie-Prze\u0142adunek-Wysy\u0142ka<\/p>\n<p>Indiastrasse 3<br \/>\nD-20457 Hamburg<\/p>\n<p>Tel.:\u00a0 \u00a0+49 (0)40 &#8211; 78 10 98 &#8211; 0<br \/>\nFaks: +49 (0)40 &#8211; 78 10 98 &#8211; 29<\/p>\n<p>adres e-Mail: prahl-barsoe@prahl-barsoe.de<\/p>\n<\/div>\n<p>Godziny odprawy:<br \/>\nPoniedzia\u0142ek &#8211; pi\u0105tek: 07:00 h &#8211; 15:00 h<\/p>\n<\/div>\n<\/div>\n<\/div>\n<p>[\/vc_wp_text][\/vc_column_inner][vc_column_inner width=&#8221;1\/2&#8243;][vc_gmaps link=&#8221;#E-8_JTNDaWZyYW1lJTIwc3JjJTNEJTIyaHR0cHMlM0ElMkYlMkZ3d3cuZ29vZ2xlLmNvbSUyRm1hcHMlMkZlbWJlZCUzRnBiJTNEJTIxMW0xOCUyMTFtMTIlMjExbTMlMjExZDIzNzEuNjQ3NjE2MTQ5MjY2JTIxMmQ5Ljk5MTk1MTMxNjU0MTg5NyUyMTNkNTMuNTI4MzQ5OTgwMDE3NDIlMjEybTMlMjExZjAlMjEyZjAlMjEzZjAlMjEzbTIlMjExaTEwMjQlMjEyaTc2OCUyMTRmMTMuMSUyMTNtMyUyMTFtMiUyMTFzMHg0N2IxOGU1MzFjNTM3Zjk5JTI1M0EweGQ4NWYxMGJmMGFhOGI0YjklMjEyc1ByYWhsJTJCJTI1MjYlMkJCYXJzb2UlMkJHbWJIJTIxNWUwJTIxM20yJTIxMXNkZSUyMTJzZGUlMjE0djE1NDY3MTY1NTkwNTYlMjIlMjB3aWR0aCUzRCUyMjYwMCUyMiUyMGhlaWdodCUzRCUyMjQ1MCUyMiUyMGZyYW1lYm9yZGVyJTNEJTIyMCUyMiUyMHN0eWxlJTNEJTIyYm9yZGVyJTNBMCUyMiUyMGFsbG93ZnVsbHNjcmVlbiUzRSUzQyUyRmlmcmFtZSUzRQ==&#8221;][\/vc_column_inner][\/vc_row_inner][\/vc_column][\/vc_row]<\/p>\n<\/div>","protected":false},"excerpt":{"rendered":"<p>[vc_row type=&#8221;vc_default&#8221; margin_top=&#8221;-50&#8243; css=&#8221;.vc_custom_1549108500725{padding-top: 40px !important;padding-bottom: 0px !important;}&#8221; el_id=&#8221;schnellanfrage&#8221;][vc_column offset=&#8221;vc_col-lg-12 vc_col-md-12&#8243;][vc_single_image image=&#8221;3444&#8243; img_size=&#8221;full&#8221; alignment=&#8221;center&#8221; el_class=&#8221;120&#8243;][\/vc_column][\/vc_row][vc_row full_width=&#8221;stretch_row&#8221; full_height=&#8221;yes&#8221; bg_type=&#8221;bg_color&#8221; type=&#8221;vc_default&#8221; margin_top=&#8221;-50&#8243; css=&#8221;.vc_custom_1544983292280{padding-top: 40px !important;padding-bottom: 0px !important;}&#8221; bg_color_value=&#8221;#1e73be&#8221;][vc_column offset=&#8221;vc_col-lg-12 vc_col-md-12&#8243;][vc_column_text][\/vc_column_text][\/vc_column][\/vc_row][vc_row type=&#8221;vc_default&#8221; margin_top=&#8221;-50&#8243; css=&#8221;.vc_custom_1548010184301{padding-top: 40px !important;padding-bottom: 0px !important;}&#8221; el_id=&#8221;kontaktform&#8221;][vc_column offset=&#8221;vc_col-lg-12 vc_col-md-12&#8243;][vc_single_image image=&#8221;3444&#8243; img_size=&#8221;full&#8221; alignment=&#8221;center&#8221; el_class=&#8221;120&#8243;][vc_column_text][\/vc_column_text][\/vc_column][\/vc_row][vc_row type=&#8221;vc_default&#8221; margin_top=&#8221;-50&#8243; css=&#8221;.vc_custom_1551297477692{padding-top: 40px !important;padding-bottom: 0px !important;}&#8221; el_id=&#8221;anfahrt&#8221;][vc_column offset=&#8221;vc_col-lg-12 vc_col-md-12&#8243;][vc_single_image image=&#8221;3444&#8243; img_size=&#8221;full&#8221; alignment=&#8221;center&#8221;&hellip;<\/p>\n","protected":false},"author":1,"featured_media":0,"parent":0,"menu_order":50,"comment_status":"closed","ping_status":"closed","template":"","meta":{"footnotes":""},"class_list":["post-3891","page","type-page","status-publish","hentry","description-off"],"yoast_head":"<!-- This site is optimized with the Yoast SEO plugin v27.4 - https:\/\/yoast.com\/product\/yoast-seo-wordpress\/ -->\n<title>Kontakt - Prahl &amp; Barsoe<\/title>\n<meta name=\"robots\" content=\"index, follow, max-snippet:-1, max-image-preview:large, max-video-preview:-1\" \/>\n<link rel=\"canonical\" href=\"https:\/\/prahl-barsoe.de\/pl\/kontakt\/\" \/>\n<meta property=\"og:locale\" content=\"pl_PL\" \/>\n<meta property=\"og:type\" content=\"article\" \/>\n<meta property=\"og:title\" content=\"Kontakt - Prahl &amp; Barsoe\" \/>\n<meta property=\"og:description\" content=\"[vc_row type=&#8221;vc_default&#8221; margin_top=&#8221;-50&#8243; css=&#8221;.vc_custom_1549108500725{padding-top: 40px !important;padding-bottom: 0px !important;}&#8221; el_id=&#8221;schnellanfrage&#8221;][vc_column offset=&#8221;vc_col-lg-12 vc_col-md-12&#8243;][vc_single_image image=&#8221;3444&#8243; img_size=&#8221;full&#8221; alignment=&#8221;center&#8221; el_class=&#8221;120&#8243;][\/vc_column][\/vc_row][vc_row full_width=&#8221;stretch_row&#8221; full_height=&#8221;yes&#8221; bg_type=&#8221;bg_color&#8221; type=&#8221;vc_default&#8221; margin_top=&#8221;-50&#8243; css=&#8221;.vc_custom_1544983292280{padding-top: 40px !important;padding-bottom: 0px !important;}&#8221; bg_color_value=&#8221;#1e73be&#8221;][vc_column offset=&#8221;vc_col-lg-12 vc_col-md-12&#8243;][vc_column_text][\/vc_column_text][\/vc_column][\/vc_row][vc_row type=&#8221;vc_default&#8221; margin_top=&#8221;-50&#8243; css=&#8221;.vc_custom_1548010184301{padding-top: 40px !important;padding-bottom: 0px !important;}&#8221; el_id=&#8221;kontaktform&#8221;][vc_column offset=&#8221;vc_col-lg-12 vc_col-md-12&#8243;][vc_single_image image=&#8221;3444&#8243; img_size=&#8221;full&#8221; alignment=&#8221;center&#8221; el_class=&#8221;120&#8243;][vc_column_text][\/vc_column_text][\/vc_column][\/vc_row][vc_row type=&#8221;vc_default&#8221; margin_top=&#8221;-50&#8243; css=&#8221;.vc_custom_1551297477692{padding-top: 40px !important;padding-bottom: 0px !important;}&#8221; el_id=&#8221;anfahrt&#8221;][vc_column offset=&#8221;vc_col-lg-12 vc_col-md-12&#8243;][vc_single_image image=&#8221;3444&#8243; img_size=&#8221;full&#8221; alignment=&#8221;center&#8221;&hellip;\" \/>\n<meta property=\"og:url\" content=\"https:\/\/prahl-barsoe.de\/pl\/kontakt\/\" \/>\n<meta property=\"og:site_name\" content=\"Prahl &amp; Barsoe\" \/>\n<meta property=\"article:modified_time\" content=\"2019-03-01T12:32:50+00:00\" \/>\n<meta name=\"twitter:card\" content=\"summary_large_image\" \/>\n<meta name=\"twitter:label1\" content=\"Szacowany czas czytania\" \/>\n\t<meta name=\"twitter:data1\" content=\"4 minuty\" \/>\n<script type=\"application\/ld+json\" class=\"yoast-schema-graph\">{\"@context\":\"https:\\\/\\\/schema.org\",\"@graph\":[{\"@type\":\"WebPage\",\"@id\":\"https:\\\/\\\/prahl-barsoe.de\\\/pl\\\/kontakt\\\/\",\"url\":\"https:\\\/\\\/prahl-barsoe.de\\\/pl\\\/kontakt\\\/\",\"name\":\"Kontakt - Prahl &amp; Barsoe\",\"isPartOf\":{\"@id\":\"https:\\\/\\\/prahl-barsoe.de\\\/#website\"},\"datePublished\":\"2016-02-07T10:05:39+00:00\",\"dateModified\":\"2019-03-01T12:32:50+00:00\",\"breadcrumb\":{\"@id\":\"https:\\\/\\\/prahl-barsoe.de\\\/pl\\\/kontakt\\\/#breadcrumb\"},\"inLanguage\":\"pl-PL\",\"potentialAction\":[{\"@type\":\"ReadAction\",\"target\":[\"https:\\\/\\\/prahl-barsoe.de\\\/pl\\\/kontakt\\\/\"]}]},{\"@type\":\"BreadcrumbList\",\"@id\":\"https:\\\/\\\/prahl-barsoe.de\\\/pl\\\/kontakt\\\/#breadcrumb\",\"itemListElement\":[{\"@type\":\"ListItem\",\"position\":1,\"name\":\"Startseite\",\"item\":\"https:\\\/\\\/prahl-barsoe.de\\\/pl\\\/\"},{\"@type\":\"ListItem\",\"position\":2,\"name\":\"Kontakt\"}]},{\"@type\":\"WebSite\",\"@id\":\"https:\\\/\\\/prahl-barsoe.de\\\/#website\",\"url\":\"https:\\\/\\\/prahl-barsoe.de\\\/\",\"name\":\"Prahl &amp; Barsoe\",\"description\":\"\",\"potentialAction\":[{\"@type\":\"SearchAction\",\"target\":{\"@type\":\"EntryPoint\",\"urlTemplate\":\"https:\\\/\\\/prahl-barsoe.de\\\/?s={search_term_string}\"},\"query-input\":{\"@type\":\"PropertyValueSpecification\",\"valueRequired\":true,\"valueName\":\"search_term_string\"}}],\"inLanguage\":\"pl-PL\"}]}<\/script>\n<!-- \/ Yoast SEO plugin. -->","yoast_head_json":{"title":"Kontakt - Prahl &amp; Barsoe","robots":{"index":"index","follow":"follow","max-snippet":"max-snippet:-1","max-image-preview":"max-image-preview:large","max-video-preview":"max-video-preview:-1"},"canonical":"https:\/\/prahl-barsoe.de\/pl\/kontakt\/","og_locale":"pl_PL","og_type":"article","og_title":"Kontakt - Prahl &amp; Barsoe","og_description":"[vc_row type=&#8221;vc_default&#8221; margin_top=&#8221;-50&#8243; css=&#8221;.vc_custom_1549108500725{padding-top: 40px !important;padding-bottom: 0px !important;}&#8221; el_id=&#8221;schnellanfrage&#8221;][vc_column offset=&#8221;vc_col-lg-12 vc_col-md-12&#8243;][vc_single_image image=&#8221;3444&#8243; img_size=&#8221;full&#8221; alignment=&#8221;center&#8221; el_class=&#8221;120&#8243;][\/vc_column][\/vc_row][vc_row full_width=&#8221;stretch_row&#8221; full_height=&#8221;yes&#8221; bg_type=&#8221;bg_color&#8221; type=&#8221;vc_default&#8221; margin_top=&#8221;-50&#8243; css=&#8221;.vc_custom_1544983292280{padding-top: 40px !important;padding-bottom: 0px !important;}&#8221; bg_color_value=&#8221;#1e73be&#8221;][vc_column offset=&#8221;vc_col-lg-12 vc_col-md-12&#8243;][vc_column_text][\/vc_column_text][\/vc_column][\/vc_row][vc_row type=&#8221;vc_default&#8221; margin_top=&#8221;-50&#8243; css=&#8221;.vc_custom_1548010184301{padding-top: 40px !important;padding-bottom: 0px !important;}&#8221; el_id=&#8221;kontaktform&#8221;][vc_column offset=&#8221;vc_col-lg-12 vc_col-md-12&#8243;][vc_single_image image=&#8221;3444&#8243; img_size=&#8221;full&#8221; alignment=&#8221;center&#8221; el_class=&#8221;120&#8243;][vc_column_text][\/vc_column_text][\/vc_column][\/vc_row][vc_row type=&#8221;vc_default&#8221; margin_top=&#8221;-50&#8243; css=&#8221;.vc_custom_1551297477692{padding-top: 40px !important;padding-bottom: 0px !important;}&#8221; el_id=&#8221;anfahrt&#8221;][vc_column offset=&#8221;vc_col-lg-12 vc_col-md-12&#8243;][vc_single_image image=&#8221;3444&#8243; img_size=&#8221;full&#8221; alignment=&#8221;center&#8221;&hellip;","og_url":"https:\/\/prahl-barsoe.de\/pl\/kontakt\/","og_site_name":"Prahl &amp; Barsoe","article_modified_time":"2019-03-01T12:32:50+00:00","twitter_card":"summary_large_image","twitter_misc":{"Szacowany czas czytania":"4 minuty"},"schema":{"@context":"https:\/\/schema.org","@graph":[{"@type":"WebPage","@id":"https:\/\/prahl-barsoe.de\/pl\/kontakt\/","url":"https:\/\/prahl-barsoe.de\/pl\/kontakt\/","name":"Kontakt - Prahl &amp; Barsoe","isPartOf":{"@id":"https:\/\/prahl-barsoe.de\/#website"},"datePublished":"2016-02-07T10:05:39+00:00","dateModified":"2019-03-01T12:32:50+00:00","breadcrumb":{"@id":"https:\/\/prahl-barsoe.de\/pl\/kontakt\/#breadcrumb"},"inLanguage":"pl-PL","potentialAction":[{"@type":"ReadAction","target":["https:\/\/prahl-barsoe.de\/pl\/kontakt\/"]}]},{"@type":"BreadcrumbList","@id":"https:\/\/prahl-barsoe.de\/pl\/kontakt\/#breadcrumb","itemListElement":[{"@type":"ListItem","position":1,"name":"Startseite","item":"https:\/\/prahl-barsoe.de\/pl\/"},{"@type":"ListItem","position":2,"name":"Kontakt"}]},{"@type":"WebSite","@id":"https:\/\/prahl-barsoe.de\/#website","url":"https:\/\/prahl-barsoe.de\/","name":"Prahl &amp; Barsoe","description":"","potentialAction":[{"@type":"SearchAction","target":{"@type":"EntryPoint","urlTemplate":"https:\/\/prahl-barsoe.de\/?s={search_term_string}"},"query-input":{"@type":"PropertyValueSpecification","valueRequired":true,"valueName":"search_term_string"}}],"inLanguage":"pl-PL"}]}},"_links":{"self":[{"href":"https:\/\/prahl-barsoe.de\/pl\/wp-json\/wp\/v2\/pages\/3891","targetHints":{"allow":["GET"]}}],"collection":[{"href":"https:\/\/prahl-barsoe.de\/pl\/wp-json\/wp\/v2\/pages"}],"about":[{"href":"https:\/\/prahl-barsoe.de\/pl\/wp-json\/wp\/v2\/types\/page"}],"author":[{"embeddable":true,"href":"https:\/\/prahl-barsoe.de\/pl\/wp-json\/wp\/v2\/users\/1"}],"replies":[{"embeddable":true,"href":"https:\/\/prahl-barsoe.de\/pl\/wp-json\/wp\/v2\/comments?post=3891"}],"version-history":[{"count":16,"href":"https:\/\/prahl-barsoe.de\/pl\/wp-json\/wp\/v2\/pages\/3891\/revisions"}],"predecessor-version":[{"id":4198,"href":"https:\/\/prahl-barsoe.de\/pl\/wp-json\/wp\/v2\/pages\/3891\/revisions\/4198"}],"wp:attachment":[{"href":"https:\/\/prahl-barsoe.de\/pl\/wp-json\/wp\/v2\/media?parent=3891"}],"curies":[{"name":"wp","href":"https:\/\/api.w.org\/{rel}","templated":true}]}}