{"id":3880,"date":"2018-12-01T00:29:25","date_gmt":"2018-12-01T00:29:25","guid":{"rendered":"https:\/\/prahl-barsoe.de\/zollinformationen\/"},"modified":"2019-03-06T15:47:38","modified_gmt":"2019-03-06T15:47:38","slug":"informacje-dot-cla","status":"publish","type":"page","link":"https:\/\/prahl-barsoe.de\/pl\/informacje-dot-cla\/","title":{"rendered":"Informacje dot. c\u0142a"},"content":{"rendered":"<div class=\"wpb-content-wrapper\"><p>[vc_row bg_type=&#8221;image&#8221; parallax_style=&#8221;vcpb-default&#8221; bg_image_new=&#8221;id^2606|url^https:\/\/prahl-barsoe.de\/wp-content\/uploads\/2018\/12\/green.jpg|caption^null|alt^null|title^green|description^null&#8221; type=&#8221;vc_default&#8221; margin_top=&#8221;-50&#8243; css=&#8221;.vc_custom_1549109271132{padding-bottom: 0px !important;}&#8221;][vc_column offset=&#8221;vc_col-lg-12 vc_col-md-12&#8243;][vc_single_image image=&#8221;3444&#8243; img_size=&#8221;full&#8221; alignment=&#8221;center&#8221; el_class=&#8221;120&#8243;]<div id=\"ultimate-heading-651469d58376b05fb\" class=\"uvc-heading ult-adjust-bottom-margin ultimate-heading-651469d58376b05fb uvc-9034 accent-border-color\" data-hspacer=\"no_spacer\"  data-halign=\"center\" style=\"text-align:center\"><div class=\"uvc-heading-spacer no_spacer\" style=\"top\"><\/div><div class=\"uvc-main-heading ult-responsive\"  data-ultimate-target='.uvc-heading.ultimate-heading-651469d58376b05fb h2'  data-responsive-json-new='{\"font-size\":\"desktop:44px;tablet_portrait:30px;\",\"line-height\":\"desktop:54px;tablet_portrait:40px;\"}' ><h2 style=\"font-weight:normal;margin-bottom:10px;\">INFORMACJE DOT. C\u0141A<\/h2><\/div><\/div><div id=\"ultimate-heading-222969d58376b066f\" class=\"uvc-heading ult-adjust-bottom-margin ultimate-heading-222969d58376b066f uvc-3563 accent-border-color\" data-hspacer=\"no_spacer\"  data-halign=\"left\" style=\"text-align:left\"><div class=\"uvc-heading-spacer no_spacer\" style=\"top\"><\/div><div class=\"uvc-sub-heading ult-responsive\"  data-ultimate-target='.uvc-heading.ultimate-heading-222969d58376b066f .uvc-sub-heading '  data-responsive-json-new='{\"font-size\":\"desktop:22px;mobile_landscape:16px;\",\"line-height\":\"desktop:32px;mobile_landscape:26px;\"}'  style=\"font-weight:normal;color:#333333;margin-bottom:70px;\"><strong>Dostawa TOWAR\u00d3W CELNYCH<\/strong><\/p>\n<ul class=\"square\" style=\"list-style: square;\">\n<li>W przypadku, gdy dostarczany jest towar celny, kierowca jest zobowi\u0105zany okaza\u0107 odpowiedni\u0105 dokumentacj\u0119 celn\u0105 zg\u0142aszaj\u0105c si\u0119 w dziale za\u0142adunkowym. Je\u015bli tego nie zrobi, przesy\u0142ka zostaje nadana jako produkt wsp\u00f3lnotowy!<\/li>\n<li>P&amp;B jest upowa\u017cnionym odbiorc\u0105 i z zasady mo\u017ce roz\u0142adowywa\u0107 towary celne bez bezpo\u015bredniego nadzoru organ\u00f3w celnych<\/li>\n<li>P&amp;B zobowi\u0105zana jest skontrolowa\u0107 to\u017csamo\u015b\u0107 towaru po wy\u0142adowaniu. Odst\u0119pstwa z zasady wymagaj\u0105 \u201ezg\u0142oszenia o niezgodno\u015bci\u201c, kt\u00f3re mo\u017ce spowodowa\u0107 dalsze op\u00f3\u017anienia<\/li>\n<li>W ramach procedury sk\u0142adowania tymczasowego towary mog\u0105 by\u0107 sk\u0142adowane maksymalnie przez 90 dni. Nast\u0119pnie nale\u017cy wszcz\u0105\u0107 kolejn\u0105 zatwierdzon\u0105 procedur\u0119 celn\u0105. Klient zostanie o tym poinformowany w odpowiednim czasie i poproszony o instrukcje.<\/li>\n<\/ul>\n<p><strong>Licencja jako upowa\u017cniony odbiorca\u00a0<\/strong>tutaj: Towary wy\u0142\u0105czone<\/p>\n<p><strong>Licencja nie obejmuje nast\u0119puj\u0105cych towar\u00f3w<\/strong><\/p>\n<ul class=\"square\" style=\"list-style: square;\">\n<li>(1) opatrzone zg\u0142oszeniem wywozowym dla cel\u00f3w zwrotu koszt\u00f3w lub egzemplarzem kontrolnym T5, o ile nie zostanie ustalone inaczej, lub<\/li>\n<li>(2) przejmowane przez sp\u00f3\u0142k\u0119 linii kolejowych w uproszczonej procedurze wysy\u0142kowej w transporcie kolejowym lub w transporcie wielkokontenerowym z listem przewozowym CIM lub wykazem zdawczym TR<\/li>\n<\/ul>\n<p><strong>Pozosta\u0142e wyj\u0105tki:<\/strong><\/p>\n<ul class=\"square\" style=\"list-style: square;\">\n<li>(3) towary przewo\u017cone w procedurach z wykorzystaniem karnet\u00f3w TIR<\/li>\n<li>(4) towary, dla kt\u00f3rych wymagane s\u0105 sk\u0142ady podatkowe<br \/>\n(napoje alkoholowe niedopuszczone do konsumpcji)<\/li>\n<\/ul>\n<p><\/div><\/div>[\/vc_column][\/vc_row][vc_row][vc_column][vc_column_text]<\/p>\n<p>[\/vc_column_text][\/vc_column][\/vc_row][vc_row][vc_column][vc_column_text]<\/p>\n<p>[\/vc_column_text][\/vc_column][\/vc_row]<\/p>\n<\/div>","protected":false},"excerpt":{"rendered":"<p>[vc_row bg_type=&#8221;image&#8221; parallax_style=&#8221;vcpb-default&#8221; bg_image_new=&#8221;id^2606|url^https:\/\/prahl-barsoe.de\/wp-content\/uploads\/2018\/12\/green.jpg|caption^null|alt^null|title^green|description^null&#8221; type=&#8221;vc_default&#8221; margin_top=&#8221;-50&#8243; css=&#8221;.vc_custom_1549109271132{padding-bottom: 0px !important;}&#8221;][vc_column offset=&#8221;vc_col-lg-12 vc_col-md-12&#8243;][vc_single_image image=&#8221;3444&#8243; img_size=&#8221;full&#8221; alignment=&#8221;center&#8221; el_class=&#8221;120&#8243;][\/vc_column][\/vc_row][vc_row][vc_column][vc_column_text] [\/vc_column_text][\/vc_column][\/vc_row][vc_row][vc_column][vc_column_text] [\/vc_column_text][\/vc_column][\/vc_row]<\/p>\n","protected":false},"author":1,"featured_media":0,"parent":0,"menu_order":0,"comment_status":"closed","ping_status":"closed","template":"","meta":{"footnotes":""},"class_list":["post-3880","page","type-page","status-publish","hentry","description-off"],"yoast_head":"<!-- This site is optimized with the Yoast SEO plugin v27.3 - https:\/\/yoast.com\/product\/yoast-seo-wordpress\/ -->\n<title>Informacje dot. c\u0142a - Prahl &amp; Barsoe<\/title>\n<meta name=\"robots\" content=\"index, follow, max-snippet:-1, max-image-preview:large, max-video-preview:-1\" \/>\n<link rel=\"canonical\" href=\"https:\/\/prahl-barsoe.de\/pl\/informacje-dot-cla\/\" \/>\n<meta property=\"og:locale\" content=\"pl_PL\" \/>\n<meta property=\"og:type\" content=\"article\" \/>\n<meta property=\"og:title\" content=\"Informacje dot. c\u0142a - Prahl &amp; Barsoe\" \/>\n<meta property=\"og:description\" content=\"[vc_row bg_type=&#8221;image&#8221; parallax_style=&#8221;vcpb-default&#8221; bg_image_new=&#8221;id^2606|url^https:\/\/prahl-barsoe.de\/wp-content\/uploads\/2018\/12\/green.jpg|caption^null|alt^null|title^green|description^null&#8221; type=&#8221;vc_default&#8221; margin_top=&#8221;-50&#8243; css=&#8221;.vc_custom_1549109271132{padding-bottom: 0px !important;}&#8221;][vc_column offset=&#8221;vc_col-lg-12 vc_col-md-12&#8243;][vc_single_image image=&#8221;3444&#8243; img_size=&#8221;full&#8221; alignment=&#8221;center&#8221; el_class=&#8221;120&#8243;][\/vc_column][\/vc_row][vc_row][vc_column][vc_column_text] [\/vc_column_text][\/vc_column][\/vc_row][vc_row][vc_column][vc_column_text] [\/vc_column_text][\/vc_column][\/vc_row]\" \/>\n<meta property=\"og:url\" content=\"https:\/\/prahl-barsoe.de\/pl\/informacje-dot-cla\/\" \/>\n<meta property=\"og:site_name\" content=\"Prahl &amp; Barsoe\" \/>\n<meta property=\"article:modified_time\" content=\"2019-03-06T15:47:38+00:00\" \/>\n<meta name=\"twitter:card\" content=\"summary_large_image\" \/>\n<meta name=\"twitter:label1\" content=\"Szacowany czas czytania\" \/>\n\t<meta name=\"twitter:data1\" content=\"2 minuty\" \/>\n<script type=\"application\/ld+json\" class=\"yoast-schema-graph\">{\"@context\":\"https:\\\/\\\/schema.org\",\"@graph\":[{\"@type\":\"WebPage\",\"@id\":\"https:\\\/\\\/prahl-barsoe.de\\\/pl\\\/informacje-dot-cla\\\/\",\"url\":\"https:\\\/\\\/prahl-barsoe.de\\\/pl\\\/informacje-dot-cla\\\/\",\"name\":\"Informacje dot. c\u0142a - Prahl &amp; Barsoe\",\"isPartOf\":{\"@id\":\"https:\\\/\\\/prahl-barsoe.de\\\/#website\"},\"datePublished\":\"2018-12-01T00:29:25+00:00\",\"dateModified\":\"2019-03-06T15:47:38+00:00\",\"breadcrumb\":{\"@id\":\"https:\\\/\\\/prahl-barsoe.de\\\/pl\\\/informacje-dot-cla\\\/#breadcrumb\"},\"inLanguage\":\"pl-PL\",\"potentialAction\":[{\"@type\":\"ReadAction\",\"target\":[\"https:\\\/\\\/prahl-barsoe.de\\\/pl\\\/informacje-dot-cla\\\/\"]}]},{\"@type\":\"BreadcrumbList\",\"@id\":\"https:\\\/\\\/prahl-barsoe.de\\\/pl\\\/informacje-dot-cla\\\/#breadcrumb\",\"itemListElement\":[{\"@type\":\"ListItem\",\"position\":1,\"name\":\"Startseite\",\"item\":\"https:\\\/\\\/prahl-barsoe.de\\\/pl\\\/\"},{\"@type\":\"ListItem\",\"position\":2,\"name\":\"Informacje dot. c\u0142a\"}]},{\"@type\":\"WebSite\",\"@id\":\"https:\\\/\\\/prahl-barsoe.de\\\/#website\",\"url\":\"https:\\\/\\\/prahl-barsoe.de\\\/\",\"name\":\"Prahl &amp; Barsoe\",\"description\":\"\",\"potentialAction\":[{\"@type\":\"SearchAction\",\"target\":{\"@type\":\"EntryPoint\",\"urlTemplate\":\"https:\\\/\\\/prahl-barsoe.de\\\/?s={search_term_string}\"},\"query-input\":{\"@type\":\"PropertyValueSpecification\",\"valueRequired\":true,\"valueName\":\"search_term_string\"}}],\"inLanguage\":\"pl-PL\"}]}<\/script>\n<!-- \/ Yoast SEO plugin. -->","yoast_head_json":{"title":"Informacje dot. c\u0142a - Prahl &amp; Barsoe","robots":{"index":"index","follow":"follow","max-snippet":"max-snippet:-1","max-image-preview":"max-image-preview:large","max-video-preview":"max-video-preview:-1"},"canonical":"https:\/\/prahl-barsoe.de\/pl\/informacje-dot-cla\/","og_locale":"pl_PL","og_type":"article","og_title":"Informacje dot. c\u0142a - Prahl &amp; Barsoe","og_description":"[vc_row bg_type=&#8221;image&#8221; parallax_style=&#8221;vcpb-default&#8221; bg_image_new=&#8221;id^2606|url^https:\/\/prahl-barsoe.de\/wp-content\/uploads\/2018\/12\/green.jpg|caption^null|alt^null|title^green|description^null&#8221; type=&#8221;vc_default&#8221; margin_top=&#8221;-50&#8243; css=&#8221;.vc_custom_1549109271132{padding-bottom: 0px !important;}&#8221;][vc_column offset=&#8221;vc_col-lg-12 vc_col-md-12&#8243;][vc_single_image image=&#8221;3444&#8243; img_size=&#8221;full&#8221; alignment=&#8221;center&#8221; el_class=&#8221;120&#8243;][\/vc_column][\/vc_row][vc_row][vc_column][vc_column_text] [\/vc_column_text][\/vc_column][\/vc_row][vc_row][vc_column][vc_column_text] [\/vc_column_text][\/vc_column][\/vc_row]","og_url":"https:\/\/prahl-barsoe.de\/pl\/informacje-dot-cla\/","og_site_name":"Prahl &amp; Barsoe","article_modified_time":"2019-03-06T15:47:38+00:00","twitter_card":"summary_large_image","twitter_misc":{"Szacowany czas czytania":"2 minuty"},"schema":{"@context":"https:\/\/schema.org","@graph":[{"@type":"WebPage","@id":"https:\/\/prahl-barsoe.de\/pl\/informacje-dot-cla\/","url":"https:\/\/prahl-barsoe.de\/pl\/informacje-dot-cla\/","name":"Informacje dot. c\u0142a - Prahl &amp; Barsoe","isPartOf":{"@id":"https:\/\/prahl-barsoe.de\/#website"},"datePublished":"2018-12-01T00:29:25+00:00","dateModified":"2019-03-06T15:47:38+00:00","breadcrumb":{"@id":"https:\/\/prahl-barsoe.de\/pl\/informacje-dot-cla\/#breadcrumb"},"inLanguage":"pl-PL","potentialAction":[{"@type":"ReadAction","target":["https:\/\/prahl-barsoe.de\/pl\/informacje-dot-cla\/"]}]},{"@type":"BreadcrumbList","@id":"https:\/\/prahl-barsoe.de\/pl\/informacje-dot-cla\/#breadcrumb","itemListElement":[{"@type":"ListItem","position":1,"name":"Startseite","item":"https:\/\/prahl-barsoe.de\/pl\/"},{"@type":"ListItem","position":2,"name":"Informacje dot. c\u0142a"}]},{"@type":"WebSite","@id":"https:\/\/prahl-barsoe.de\/#website","url":"https:\/\/prahl-barsoe.de\/","name":"Prahl &amp; Barsoe","description":"","potentialAction":[{"@type":"SearchAction","target":{"@type":"EntryPoint","urlTemplate":"https:\/\/prahl-barsoe.de\/?s={search_term_string}"},"query-input":{"@type":"PropertyValueSpecification","valueRequired":true,"valueName":"search_term_string"}}],"inLanguage":"pl-PL"}]}},"_links":{"self":[{"href":"https:\/\/prahl-barsoe.de\/pl\/wp-json\/wp\/v2\/pages\/3880","targetHints":{"allow":["GET"]}}],"collection":[{"href":"https:\/\/prahl-barsoe.de\/pl\/wp-json\/wp\/v2\/pages"}],"about":[{"href":"https:\/\/prahl-barsoe.de\/pl\/wp-json\/wp\/v2\/types\/page"}],"author":[{"embeddable":true,"href":"https:\/\/prahl-barsoe.de\/pl\/wp-json\/wp\/v2\/users\/1"}],"replies":[{"embeddable":true,"href":"https:\/\/prahl-barsoe.de\/pl\/wp-json\/wp\/v2\/comments?post=3880"}],"version-history":[{"count":7,"href":"https:\/\/prahl-barsoe.de\/pl\/wp-json\/wp\/v2\/pages\/3880\/revisions"}],"predecessor-version":[{"id":4291,"href":"https:\/\/prahl-barsoe.de\/pl\/wp-json\/wp\/v2\/pages\/3880\/revisions\/4291"}],"wp:attachment":[{"href":"https:\/\/prahl-barsoe.de\/pl\/wp-json\/wp\/v2\/media?parent=3880"}],"curies":[{"name":"wp","href":"https:\/\/api.w.org\/{rel}","templated":true}]}}