{"id":3841,"date":"2018-11-28T19:54:58","date_gmt":"2018-11-28T19:54:58","guid":{"rendered":"https:\/\/prahl-barsoe.de\/schwergut-umschlag\/"},"modified":"2019-02-26T17:42:54","modified_gmt":"2019-02-26T17:42:54","slug":"schwergut-umschlag","status":"publish","type":"page","link":"https:\/\/prahl-barsoe.de\/pl\/schwergut-umschlag\/","title":{"rendered":"PRZE\u0141ADUNEK CI\u0118\u017bKICH \u0141ADUNK\u00d3W"},"content":{"rendered":"<div class=\"wpb-content-wrapper\"><p>[vc_row type=&#8221;vc_default&#8221; margin_top=&#8221;-50&#8243; css=&#8221;.vc_custom_1539090473050{padding-top: 40px !important;padding-bottom: 0px !important;}&#8221;][vc_column offset=&#8221;vc_col-lg-12 vc_col-md-12&#8243;][vc_single_image image=&#8221;3444&#8243; img_size=&#8221;full&#8221; alignment=&#8221;center&#8221; el_class=&#8221;120&#8243;]<div id=\"ultimate-heading-936969e4e3d13568a\" class=\"uvc-heading ult-adjust-bottom-margin ultimate-heading-936969e4e3d13568a uvc-5500 accent-border-color\" data-hspacer=\"no_spacer\"  data-halign=\"center\" style=\"text-align:center\"><div class=\"uvc-heading-spacer no_spacer\" style=\"top\"><\/div><div class=\"uvc-main-heading ult-responsive\"  data-ultimate-target='.uvc-heading.ultimate-heading-936969e4e3d13568a h2'  data-responsive-json-new='{\"font-size\":\"desktop:44px;tablet_portrait:30px;\",\"line-height\":\"desktop:54px;tablet_portrait:40px;\"}' ><h2 style=\"font-weight:normal;margin-bottom:10px;\">PRZE\u0141ADUNEK CI\u0118\u017bKICH \u0141ADUNK\u00d3W<\/h2><\/div><\/div><div id=\"ultimate-heading-480869e4e3d135711\" class=\"uvc-heading ult-adjust-bottom-margin ultimate-heading-480869e4e3d135711 uvc-739 accent-border-color\" data-hspacer=\"no_spacer\"  data-halign=\"left\" style=\"text-align:left\"><div class=\"uvc-heading-spacer no_spacer\" style=\"top\"><\/div><div class=\"uvc-sub-heading ult-responsive\"  data-ultimate-target='.uvc-heading.ultimate-heading-480869e4e3d135711 .uvc-sub-heading '  data-responsive-json-new='{\"font-size\":\"desktop:22px;mobile_landscape:16px;\",\"line-height\":\"desktop:32px;mobile_landscape:26px;\"}'  style=\"font-weight:normal;color:#333333;margin-bottom:70px;\">\u0141adunki o du\u017cej wadze lub niegabarytowe nie mog\u0105 by\u0107 ju\u017c pakowane do zamkni\u0119tych kontener\u00f3w. W ich wypadku nale\u017cy wypracowa\u0107 indywidualne rozwi\u0105zania obejmuj\u0105ce stosowanie specjalnego sprz\u0119tu. Mamy mo\u017cliwo\u015b\u0107<\/p>\n<ul class=\"square\" style=\"list-style: square;\">\n<li>przemieszczania \u0142adunk\u00f3w do maks. 45 t za pomoc\u0105 naszego urz\u0105dzenia ReachStacker<\/li>\n<li>umieszczania \u0142adunk\u00f3w ci\u0119\u017ckich w kontenerach typu opentop i flatrack za pomoc\u0105 urz\u0105dzenia za\u0142adowczego<\/li>\n<li>zabezpieczenia \u0142adunk\u00f3w przez do\u015bwiadczony personel i za pomoc\u0105 odpowiedniego materia\u0142u wymaganego do \u017ceglugi<\/li>\n<\/ul>\n<p>Tak\u017ce w wypadku kontener\u00f3w niestandardowych (OOG) wag\u0119 mo\u017cna okre\u015bli\u0107 zgodnie z wytycznymi Solas (mi\u0119dzynarodowej konwencji o bezpiecze\u0144stwie \u017cycia na morzu).<\/div><\/div>[vc_row_inner][vc_column_inner width=&#8221;3\/4&#8243;]<div id=\"ultimate-heading-54969e4e3d13577a\" class=\"uvc-heading ult-adjust-bottom-margin ultimate-heading-54969e4e3d13577a uvc-7470 accent-border-color\" data-hspacer=\"no_spacer\"  data-halign=\"left\" style=\"text-align:left\"><div class=\"uvc-heading-spacer no_spacer\" style=\"top\"><\/div><div class=\"uvc-sub-heading ult-responsive\"  data-ultimate-target='.uvc-heading.ultimate-heading-54969e4e3d13577a .uvc-sub-heading '  data-responsive-json-new='{\"font-size\":\"desktop:22px;mobile_landscape:16px;\",\"line-height\":\"desktop:32px;mobile_landscape:26px;\"}'  style=\"font-weight:normal;color:#333333;margin-bottom:70px;\"><\/p>\n<blockquote>\n<h2>\u201eZar\u00f3wno w pracy jak i w czasie wolnym lubi\u0119 pracowa\u0107 i obcowa\u0107 z nowoczesnym sprz\u0119tem technicznym\u201c<\/h2>\n<\/blockquote>\n<p><\/div><\/div>[\/vc_column_inner][vc_column_inner width=&#8221;1\/4&#8243;][vc_column_text css=&#8221;.vc_custom_1551102926996{background-color: #dd3333 !important;background-position: center !important;background-repeat: no-repeat !important;background-size: cover !important;border-radius: 3px !important;}&#8221;]<\/p>\n<div class=\"boxen\">\n<p>Ludzie<\/p>\n<\/div>\n<p>[\/vc_column_text][vc_single_image image=&#8221;3848&#8243; img_size=&#8221;full&#8221; alignment=&#8221;center&#8221;][vc_column_text css=&#8221;.vc_custom_1551102944806{background-color: #ffffff !important;background-position: center !important;background-repeat: no-repeat !important;background-size: cover !important;border-radius: 3px !important;}&#8221;]<\/p>\n<div class=\"red\" style=\"color: red;\">\n<h2 style=\"text-align: center;\">Bernhard Rogge<\/h2>\n<p>Z wykszta\u0142cenia kotlarz, po przyuczeniu si\u0119 do zawodu w stoczni od ponad 20 lat pracuje w porcie. W P&amp;B jest z\u0142ot\u0105 r\u0105czk\u0105. Prywatnie po\u015bwi\u0119ca czas swojej rodzinie a w czasie wolnym oddaje si\u0119 modelarstwu.<\/p>\n<\/div>\n<p>[\/vc_column_text][\/vc_column_inner][\/vc_row_inner][\/vc_column][\/vc_row][vc_row][vc_column][vc_column_text]<\/p>\n<p>[\/vc_column_text][\/vc_column][\/vc_row][vc_row][vc_column][vc_column_text]<\/p>\n<p>[\/vc_column_text][\/vc_column][\/vc_row]<\/p>\n<\/div>","protected":false},"excerpt":{"rendered":"<p>[vc_row type=&#8221;vc_default&#8221; margin_top=&#8221;-50&#8243; css=&#8221;.vc_custom_1539090473050{padding-top: 40px !important;padding-bottom: 0px !important;}&#8221;][vc_column offset=&#8221;vc_col-lg-12 vc_col-md-12&#8243;][vc_single_image image=&#8221;3444&#8243; img_size=&#8221;full&#8221; alignment=&#8221;center&#8221; el_class=&#8221;120&#8243;][vc_row_inner][vc_column_inner width=&#8221;3\/4&#8243;][\/vc_column_inner][vc_column_inner width=&#8221;1\/4&#8243;][vc_column_text css=&#8221;.vc_custom_1551102926996{background-color: #dd3333 !important;background-position: center !important;background-repeat: no-repeat !important;background-size: cover !important;border-radius: 3px !important;}&#8221;] Ludzie [\/vc_column_text][vc_single_image image=&#8221;3848&#8243; img_size=&#8221;full&#8221; alignment=&#8221;center&#8221;][vc_column_text css=&#8221;.vc_custom_1551102944806{background-color: #ffffff !important;background-position: center !important;background-repeat: no-repeat !important;background-size: cover !important;border-radius: 3px !important;}&#8221;] Bernhard Rogge Z wykszta\u0142cenia kotlarz, po przyuczeniu si\u0119 do zawodu w stoczni&hellip;<\/p>\n","protected":false},"author":1,"featured_media":0,"parent":0,"menu_order":0,"comment_status":"closed","ping_status":"closed","template":"","meta":{"footnotes":""},"class_list":["post-3841","page","type-page","status-publish","hentry","description-off"],"yoast_head":"<!-- This site is optimized with the Yoast SEO plugin v27.4 - https:\/\/yoast.com\/product\/yoast-seo-wordpress\/ -->\n<title>PRZE\u0141ADUNEK CI\u0118\u017bKICH \u0141ADUNK\u00d3W - Prahl &amp; Barsoe<\/title>\n<meta name=\"robots\" content=\"index, follow, max-snippet:-1, max-image-preview:large, max-video-preview:-1\" \/>\n<link rel=\"canonical\" href=\"https:\/\/prahl-barsoe.de\/pl\/schwergut-umschlag\/\" \/>\n<meta property=\"og:locale\" content=\"pl_PL\" \/>\n<meta property=\"og:type\" content=\"article\" \/>\n<meta property=\"og:title\" content=\"PRZE\u0141ADUNEK CI\u0118\u017bKICH \u0141ADUNK\u00d3W - Prahl &amp; Barsoe\" \/>\n<meta property=\"og:description\" content=\"[vc_row type=&#8221;vc_default&#8221; margin_top=&#8221;-50&#8243; css=&#8221;.vc_custom_1539090473050{padding-top: 40px !important;padding-bottom: 0px !important;}&#8221;][vc_column offset=&#8221;vc_col-lg-12 vc_col-md-12&#8243;][vc_single_image image=&#8221;3444&#8243; img_size=&#8221;full&#8221; alignment=&#8221;center&#8221; el_class=&#8221;120&#8243;][vc_row_inner][vc_column_inner width=&#8221;3\/4&#8243;][\/vc_column_inner][vc_column_inner width=&#8221;1\/4&#8243;][vc_column_text css=&#8221;.vc_custom_1551102926996{background-color: #dd3333 !important;background-position: center !important;background-repeat: no-repeat !important;background-size: cover !important;border-radius: 3px !important;}&#8221;] Ludzie [\/vc_column_text][vc_single_image image=&#8221;3848&#8243; img_size=&#8221;full&#8221; alignment=&#8221;center&#8221;][vc_column_text css=&#8221;.vc_custom_1551102944806{background-color: #ffffff !important;background-position: center !important;background-repeat: no-repeat !important;background-size: cover !important;border-radius: 3px !important;}&#8221;] Bernhard Rogge Z wykszta\u0142cenia kotlarz, po przyuczeniu si\u0119 do zawodu w stoczni&hellip;\" \/>\n<meta property=\"og:url\" content=\"https:\/\/prahl-barsoe.de\/pl\/schwergut-umschlag\/\" \/>\n<meta property=\"og:site_name\" content=\"Prahl &amp; Barsoe\" \/>\n<meta property=\"article:modified_time\" content=\"2019-02-26T17:42:54+00:00\" \/>\n<meta name=\"twitter:card\" content=\"summary_large_image\" \/>\n<meta name=\"twitter:label1\" content=\"Szacowany czas czytania\" \/>\n\t<meta name=\"twitter:data1\" content=\"2 minuty\" \/>\n<script type=\"application\/ld+json\" class=\"yoast-schema-graph\">{\"@context\":\"https:\\\/\\\/schema.org\",\"@graph\":[{\"@type\":\"WebPage\",\"@id\":\"https:\\\/\\\/prahl-barsoe.de\\\/pl\\\/schwergut-umschlag\\\/\",\"url\":\"https:\\\/\\\/prahl-barsoe.de\\\/pl\\\/schwergut-umschlag\\\/\",\"name\":\"PRZE\u0141ADUNEK CI\u0118\u017bKICH \u0141ADUNK\u00d3W - Prahl &amp; Barsoe\",\"isPartOf\":{\"@id\":\"https:\\\/\\\/prahl-barsoe.de\\\/#website\"},\"datePublished\":\"2018-11-28T19:54:58+00:00\",\"dateModified\":\"2019-02-26T17:42:54+00:00\",\"breadcrumb\":{\"@id\":\"https:\\\/\\\/prahl-barsoe.de\\\/pl\\\/schwergut-umschlag\\\/#breadcrumb\"},\"inLanguage\":\"pl-PL\",\"potentialAction\":[{\"@type\":\"ReadAction\",\"target\":[\"https:\\\/\\\/prahl-barsoe.de\\\/pl\\\/schwergut-umschlag\\\/\"]}]},{\"@type\":\"BreadcrumbList\",\"@id\":\"https:\\\/\\\/prahl-barsoe.de\\\/pl\\\/schwergut-umschlag\\\/#breadcrumb\",\"itemListElement\":[{\"@type\":\"ListItem\",\"position\":1,\"name\":\"Startseite\",\"item\":\"https:\\\/\\\/prahl-barsoe.de\\\/pl\\\/\"},{\"@type\":\"ListItem\",\"position\":2,\"name\":\"PRZE\u0141ADUNEK CI\u0118\u017bKICH \u0141ADUNK\u00d3W\"}]},{\"@type\":\"WebSite\",\"@id\":\"https:\\\/\\\/prahl-barsoe.de\\\/#website\",\"url\":\"https:\\\/\\\/prahl-barsoe.de\\\/\",\"name\":\"Prahl &amp; Barsoe\",\"description\":\"\",\"potentialAction\":[{\"@type\":\"SearchAction\",\"target\":{\"@type\":\"EntryPoint\",\"urlTemplate\":\"https:\\\/\\\/prahl-barsoe.de\\\/?s={search_term_string}\"},\"query-input\":{\"@type\":\"PropertyValueSpecification\",\"valueRequired\":true,\"valueName\":\"search_term_string\"}}],\"inLanguage\":\"pl-PL\"}]}<\/script>\n<!-- \/ Yoast SEO plugin. -->","yoast_head_json":{"title":"PRZE\u0141ADUNEK CI\u0118\u017bKICH \u0141ADUNK\u00d3W - Prahl &amp; Barsoe","robots":{"index":"index","follow":"follow","max-snippet":"max-snippet:-1","max-image-preview":"max-image-preview:large","max-video-preview":"max-video-preview:-1"},"canonical":"https:\/\/prahl-barsoe.de\/pl\/schwergut-umschlag\/","og_locale":"pl_PL","og_type":"article","og_title":"PRZE\u0141ADUNEK CI\u0118\u017bKICH \u0141ADUNK\u00d3W - Prahl &amp; Barsoe","og_description":"[vc_row type=&#8221;vc_default&#8221; margin_top=&#8221;-50&#8243; css=&#8221;.vc_custom_1539090473050{padding-top: 40px !important;padding-bottom: 0px !important;}&#8221;][vc_column offset=&#8221;vc_col-lg-12 vc_col-md-12&#8243;][vc_single_image image=&#8221;3444&#8243; img_size=&#8221;full&#8221; alignment=&#8221;center&#8221; el_class=&#8221;120&#8243;][vc_row_inner][vc_column_inner width=&#8221;3\/4&#8243;][\/vc_column_inner][vc_column_inner width=&#8221;1\/4&#8243;][vc_column_text css=&#8221;.vc_custom_1551102926996{background-color: #dd3333 !important;background-position: center !important;background-repeat: no-repeat !important;background-size: cover !important;border-radius: 3px !important;}&#8221;] Ludzie [\/vc_column_text][vc_single_image image=&#8221;3848&#8243; img_size=&#8221;full&#8221; alignment=&#8221;center&#8221;][vc_column_text css=&#8221;.vc_custom_1551102944806{background-color: #ffffff !important;background-position: center !important;background-repeat: no-repeat !important;background-size: cover !important;border-radius: 3px !important;}&#8221;] Bernhard Rogge Z wykszta\u0142cenia kotlarz, po przyuczeniu si\u0119 do zawodu w stoczni&hellip;","og_url":"https:\/\/prahl-barsoe.de\/pl\/schwergut-umschlag\/","og_site_name":"Prahl &amp; Barsoe","article_modified_time":"2019-02-26T17:42:54+00:00","twitter_card":"summary_large_image","twitter_misc":{"Szacowany czas czytania":"2 minuty"},"schema":{"@context":"https:\/\/schema.org","@graph":[{"@type":"WebPage","@id":"https:\/\/prahl-barsoe.de\/pl\/schwergut-umschlag\/","url":"https:\/\/prahl-barsoe.de\/pl\/schwergut-umschlag\/","name":"PRZE\u0141ADUNEK CI\u0118\u017bKICH \u0141ADUNK\u00d3W - Prahl &amp; Barsoe","isPartOf":{"@id":"https:\/\/prahl-barsoe.de\/#website"},"datePublished":"2018-11-28T19:54:58+00:00","dateModified":"2019-02-26T17:42:54+00:00","breadcrumb":{"@id":"https:\/\/prahl-barsoe.de\/pl\/schwergut-umschlag\/#breadcrumb"},"inLanguage":"pl-PL","potentialAction":[{"@type":"ReadAction","target":["https:\/\/prahl-barsoe.de\/pl\/schwergut-umschlag\/"]}]},{"@type":"BreadcrumbList","@id":"https:\/\/prahl-barsoe.de\/pl\/schwergut-umschlag\/#breadcrumb","itemListElement":[{"@type":"ListItem","position":1,"name":"Startseite","item":"https:\/\/prahl-barsoe.de\/pl\/"},{"@type":"ListItem","position":2,"name":"PRZE\u0141ADUNEK CI\u0118\u017bKICH \u0141ADUNK\u00d3W"}]},{"@type":"WebSite","@id":"https:\/\/prahl-barsoe.de\/#website","url":"https:\/\/prahl-barsoe.de\/","name":"Prahl &amp; Barsoe","description":"","potentialAction":[{"@type":"SearchAction","target":{"@type":"EntryPoint","urlTemplate":"https:\/\/prahl-barsoe.de\/?s={search_term_string}"},"query-input":{"@type":"PropertyValueSpecification","valueRequired":true,"valueName":"search_term_string"}}],"inLanguage":"pl-PL"}]}},"_links":{"self":[{"href":"https:\/\/prahl-barsoe.de\/pl\/wp-json\/wp\/v2\/pages\/3841","targetHints":{"allow":["GET"]}}],"collection":[{"href":"https:\/\/prahl-barsoe.de\/pl\/wp-json\/wp\/v2\/pages"}],"about":[{"href":"https:\/\/prahl-barsoe.de\/pl\/wp-json\/wp\/v2\/types\/page"}],"author":[{"embeddable":true,"href":"https:\/\/prahl-barsoe.de\/pl\/wp-json\/wp\/v2\/users\/1"}],"replies":[{"embeddable":true,"href":"https:\/\/prahl-barsoe.de\/pl\/wp-json\/wp\/v2\/comments?post=3841"}],"version-history":[{"count":7,"href":"https:\/\/prahl-barsoe.de\/pl\/wp-json\/wp\/v2\/pages\/3841\/revisions"}],"predecessor-version":[{"id":4056,"href":"https:\/\/prahl-barsoe.de\/pl\/wp-json\/wp\/v2\/pages\/3841\/revisions\/4056"}],"wp:attachment":[{"href":"https:\/\/prahl-barsoe.de\/pl\/wp-json\/wp\/v2\/media?parent=3841"}],"curies":[{"name":"wp","href":"https:\/\/api.w.org\/{rel}","templated":true}]}}