{"id":3344,"date":"2018-07-23T14:59:18","date_gmt":"2018-07-23T14:59:18","guid":{"rendered":"https:\/\/prahl-barsoe.de\/unternehmen\/"},"modified":"2019-03-06T12:15:39","modified_gmt":"2019-03-06T12:15:39","slug":"unternehmen","status":"publish","type":"page","link":"https:\/\/prahl-barsoe.de\/pl\/unternehmen\/","title":{"rendered":"Przedsi\u0119biorstwo"},"content":{"rendered":"<div class=\"wpb-content-wrapper\"><p>[vc_row][vc_column][vc_single_image image=&#8221;3283&#8243; img_size=&#8221;full&#8221; alignment=&#8221;center&#8221; el_class=&#8221;120&#8243;]<div id=\"ultimate-heading-393669e4d1dd2fdc7\" class=\"uvc-heading ult-adjust-bottom-margin ultimate-heading-393669e4d1dd2fdc7 uvc-3174 accent-border-color\" data-hspacer=\"line_only\"  data-halign=\"center\" style=\"text-align:center\"><div class=\"uvc-main-heading ult-responsive\"  data-ultimate-target='.uvc-heading.ultimate-heading-393669e4d1dd2fdc7 h2'  data-responsive-json-new='{\"font-size\":\"desktop:44px;tablet_portrait:30px;\",\"line-height\":\"desktop:54px;tablet_portrait:40px;\"}' ><h2 style=\"font-weight:normal;margin-bottom:10px;\">PRZEDSI\u0118BIORSTWO<\/h2><\/div><div class=\"uvc-heading-spacer line_only\" style=\"margin-bottom:40px;height:5px;\"><span class=\"uvc-headings-line\" style=\"border-style:solid;border-bottom-width:5px;border-color:;width:120px;\"><\/span><\/div><div class=\"uvc-sub-heading ult-responsive\"  data-ultimate-target='.uvc-heading.ultimate-heading-393669e4d1dd2fdc7 .uvc-sub-heading '  data-responsive-json-new='{\"font-size\":\"desktop:22px;mobile_landscape:16px;\",\"line-height\":\"desktop:32px;mobile_landscape:26px;\"}'  style=\"font-weight:normal;color:#333333;margin-bottom:70px;\"><\/p>\n<div class=\"page\" title=\"Page 1\">\n<div class=\"section\">\n<div class=\"layoutArea\">\n<div class=\"column\">\n<div class=\"page\" title=\"Page 1\">\n<div class=\"layoutArea\">\n<div class=\"column\">\n<div class=\"page\" title=\"Page 3\">\n<div class=\"layoutArea\">\n<div class=\"column\">\n<div class=\"page\" title=\"Page 1\">\n<div class=\"section\">\n<div class=\"layoutArea\">\n<div class=\"column\">\n<p style=\"text-align: center;\">Sukces tego przedsi\u0119biorstwa to zas\u0142uga nie tylko naszych wyj\u0105tkowych pracownik\u00f3w, ale tak\u017ce stosowaniu nowoczesnych system\u00f3w obr\u00f3bki danych.<\/p>\n<ul class=\"square\">\n<li style=\"text-align: left;\">System gospodarowania towarami dla dzia\u0142u Herbata<\/li>\n<li style=\"text-align: left;\"><strong>M<\/strong>agazynowy <strong>S<\/strong>ystem <strong>I<\/strong>nformatyczny dla stacji pakowania kontener\u00f3w<\/li>\n<li style=\"text-align: left;\">Interfejsy dla po\u0142\u0105cze\u0144 EDI klienta<\/li>\n<li style=\"text-align: left;\">Po\u0142\u0105czenie z ATLAS (zautomatyzowany system taryfowy i lokalny system odpraw celnych)<\/li>\n<li style=\"text-align: left;\">Klienci mog\u0105 w dowolnym momencie sprawdzi\u0107 status celny sk\u0142adowanych u nas towar\u00f3w<\/li>\n<li style=\"text-align: left;\">Dzi\u0119ki portowym systemom telematycznym w Hamburgu i Bremie jeste\u015bmy po\u0142\u0105czeni w sie\u0107 z lokalnymi systemami gospodarki portowej.<\/li>\n<\/ul>\n<p style=\"text-align: left;\">W sierpniu 2016 r. P&amp;B otrzyma\u0142 licencj\u0119 AEO-F jako upowa\u017cniony przedsi\u0119biorca.<\/p>\n<\/div>\n<\/div>\n<\/div>\n<\/div>\n<\/div>\n<\/div>\n<\/div>\n<\/div>\n<\/div>\n<\/div>\n<\/div>\n<\/div>\n<\/div>\n<\/div>\n<p><\/div><\/div>[vc_row_inner][vc_column_inner width=&#8221;3\/4&#8243;]<div id=\"ultimate-heading-615269e4d1dd2fe8e\" class=\"uvc-heading ult-adjust-bottom-margin ultimate-heading-615269e4d1dd2fe8e uvc-1398 \" data-hspacer=\"no_spacer\"  data-halign=\"left\" style=\"text-align:left\"><div class=\"uvc-heading-spacer no_spacer\" style=\"top\"><\/div><div class=\"uvc-sub-heading ult-responsive\"  data-ultimate-target='.uvc-heading.ultimate-heading-615269e4d1dd2fe8e .uvc-sub-heading '  data-responsive-json-new='{\"font-size\":\"desktop:24px;\",\"line-height\":\"desktop:30px;\"}'  style=\"font-family:&#039;Roboto Slab&#039;;font-weight:100;color:#dd3333;\"><\/p>\n<div class=\"page\" title=\"Page 1\">\n<div class=\"section\">\n<div class=\"layoutArea\">\n<blockquote>\n<h2>\u201eJeste\u015bmy dzisiaj tak\u017ce dumni z faktu, \u017ce odnosimy sukcesy \u015bwiadcz\u0105c us\u0142ugi na rzecz naszych Klient\u00f3w pracuj\u0105c w firmie solidnej i niezale\u017cnej i o ugruntowanej pozycji.\u201c<\/h2>\n<\/blockquote>\n<\/div>\n<\/div>\n<\/div>\n<p><\/div><\/div><div id=\"ultimate-heading-766069e4d1dd2ff0a\" class=\"uvc-heading ult-adjust-bottom-margin ultimate-heading-766069e4d1dd2ff0a uvc-845 \" data-hspacer=\"no_spacer\"  data-halign=\"left\" style=\"text-align:left\"><div class=\"uvc-heading-spacer no_spacer\" style=\"top\"><\/div><div class=\"uvc-sub-heading ult-responsive\"  data-ultimate-target='.uvc-heading.ultimate-heading-766069e4d1dd2ff0a .uvc-sub-heading '  data-responsive-json-new='{\"font-size\":\"\",\"line-height\":\"desktop:25px;\"}'  style=\"font-weight:normal;color:#000000;\"><\/p>\n<div class=\"page\" title=\"Page 1\">\n<div class=\"section\">\n<div class=\"layoutArea\">\n<div class=\"column\">\n<p>Dzi\u0119ki naszym specjalistycznym pracownikom, z kt\u00f3rych wi\u0119kszo\u015b\u0107 pracuje w firmie od wielu lat, mo\u017cemy zaoferowa\u0107 naszym klientom du\u017c\u0105 elastyczno\u015b\u0107 i orientacj\u0119 na rozwi\u0105zania pod has\u0142em Supply Chain Management, co mi\u0119dzy innymi obni\u017ca koszty us\u0142ug logistycznych. Jedn\u0105 z naszych pe\u0142nych us\u0142ug jest dostarczenie kompletnej dokumentacji.<\/p>\n<\/div>\n<\/div>\n<\/div>\n<\/div>\n<p><\/div><\/div>[\/vc_column_inner][vc_column_inner width=&#8221;1\/4&#8243;][vc_column_text css=&#8221;.vc_custom_1551100170365{background-color: #dd3333 !important;background-position: center !important;background-repeat: no-repeat !important;background-size: cover !important;border-radius: 3px !important;}&#8221;]<\/p>\n<div class=\"boxen\">Ludzie<\/div>\n<p>[\/vc_column_text][vc_single_image image=&#8221;3374&#8243; img_size=&#8221;full&#8221; alignment=&#8221;center&#8221;][vc_column_text css=&#8221;.vc_custom_1551100213565{background-color: #ffffff !important;background-position: center !important;background-repeat: no-repeat !important;background-size: cover !important;border-radius: 3px !important;}&#8221;]<\/p>\n<div class=\"red\" style=\"color: red;\">\n<h2 style=\"font-size: 29px; text-align: center;\">Manuela Kneeser<\/h2>\n<p>Pracuje w przedsi\u0119biorstwie od 7 lat jako specjalistka ds. eksportu. Uwielbia tatua\u017ce i ch\u0119tnie chodzi z m\u0119\u017cem i c\u00f3rk\u0105 na koncerty rokowe, kocha tak\u017ce dobr\u0105 i przyjazn\u0105 atmosfer\u0119 panuj\u0105c\u0105 w zak\u0142adzie pracy.<\/p>\n<\/div>\n<p>[\/vc_column_text][\/vc_column_inner][\/vc_row_inner][\/vc_column][\/vc_row]<\/p>\n<\/div>","protected":false},"excerpt":{"rendered":"<p>[vc_row][vc_column][vc_single_image image=&#8221;3283&#8243; img_size=&#8221;full&#8221; alignment=&#8221;center&#8221; el_class=&#8221;120&#8243;][vc_row_inner][vc_column_inner width=&#8221;3\/4&#8243;][\/vc_column_inner][vc_column_inner width=&#8221;1\/4&#8243;][vc_column_text css=&#8221;.vc_custom_1551100170365{background-color: #dd3333 !important;background-position: center !important;background-repeat: no-repeat !important;background-size: cover !important;border-radius: 3px !important;}&#8221;] Ludzie [\/vc_column_text][vc_single_image image=&#8221;3374&#8243; img_size=&#8221;full&#8221; alignment=&#8221;center&#8221;][vc_column_text css=&#8221;.vc_custom_1551100213565{background-color: #ffffff !important;background-position: center !important;background-repeat: no-repeat !important;background-size: cover !important;border-radius: 3px !important;}&#8221;] Manuela Kneeser Pracuje w przedsi\u0119biorstwie od 7 lat jako specjalistka ds. eksportu. Uwielbia tatua\u017ce i ch\u0119tnie chodzi z m\u0119\u017cem i c\u00f3rk\u0105&hellip;<\/p>\n","protected":false},"author":1,"featured_media":0,"parent":0,"menu_order":0,"comment_status":"closed","ping_status":"closed","template":"","meta":{"footnotes":""},"class_list":["post-3344","page","type-page","status-publish","hentry","description-off"],"yoast_head":"<!-- This site is optimized with the Yoast SEO plugin v27.4 - https:\/\/yoast.com\/product\/yoast-seo-wordpress\/ -->\n<title>Przedsi\u0119biorstwo - Prahl &amp; Barsoe<\/title>\n<meta name=\"robots\" content=\"index, follow, max-snippet:-1, max-image-preview:large, max-video-preview:-1\" \/>\n<link rel=\"canonical\" href=\"https:\/\/prahl-barsoe.de\/pl\/unternehmen\/\" \/>\n<meta property=\"og:locale\" content=\"pl_PL\" \/>\n<meta property=\"og:type\" content=\"article\" \/>\n<meta property=\"og:title\" content=\"Przedsi\u0119biorstwo - Prahl &amp; Barsoe\" \/>\n<meta property=\"og:description\" content=\"[vc_row][vc_column][vc_single_image image=&#8221;3283&#8243; img_size=&#8221;full&#8221; alignment=&#8221;center&#8221; el_class=&#8221;120&#8243;][vc_row_inner][vc_column_inner width=&#8221;3\/4&#8243;][\/vc_column_inner][vc_column_inner width=&#8221;1\/4&#8243;][vc_column_text css=&#8221;.vc_custom_1551100170365{background-color: #dd3333 !important;background-position: center !important;background-repeat: no-repeat !important;background-size: cover !important;border-radius: 3px !important;}&#8221;] Ludzie [\/vc_column_text][vc_single_image image=&#8221;3374&#8243; img_size=&#8221;full&#8221; alignment=&#8221;center&#8221;][vc_column_text css=&#8221;.vc_custom_1551100213565{background-color: #ffffff !important;background-position: center !important;background-repeat: no-repeat !important;background-size: cover !important;border-radius: 3px !important;}&#8221;] Manuela Kneeser Pracuje w przedsi\u0119biorstwie od 7 lat jako specjalistka ds. eksportu. Uwielbia tatua\u017ce i ch\u0119tnie chodzi z m\u0119\u017cem i c\u00f3rk\u0105&hellip;\" \/>\n<meta property=\"og:url\" content=\"https:\/\/prahl-barsoe.de\/pl\/unternehmen\/\" \/>\n<meta property=\"og:site_name\" content=\"Prahl &amp; Barsoe\" \/>\n<meta property=\"article:modified_time\" content=\"2019-03-06T12:15:39+00:00\" \/>\n<meta name=\"twitter:card\" content=\"summary_large_image\" \/>\n<meta name=\"twitter:label1\" content=\"Szacowany czas czytania\" \/>\n\t<meta name=\"twitter:data1\" content=\"2 minuty\" \/>\n<script type=\"application\/ld+json\" class=\"yoast-schema-graph\">{\"@context\":\"https:\\\/\\\/schema.org\",\"@graph\":[{\"@type\":\"WebPage\",\"@id\":\"https:\\\/\\\/prahl-barsoe.de\\\/pl\\\/unternehmen\\\/\",\"url\":\"https:\\\/\\\/prahl-barsoe.de\\\/pl\\\/unternehmen\\\/\",\"name\":\"Przedsi\u0119biorstwo - Prahl &amp; Barsoe\",\"isPartOf\":{\"@id\":\"https:\\\/\\\/prahl-barsoe.de\\\/#website\"},\"datePublished\":\"2018-07-23T14:59:18+00:00\",\"dateModified\":\"2019-03-06T12:15:39+00:00\",\"breadcrumb\":{\"@id\":\"https:\\\/\\\/prahl-barsoe.de\\\/pl\\\/unternehmen\\\/#breadcrumb\"},\"inLanguage\":\"pl-PL\",\"potentialAction\":[{\"@type\":\"ReadAction\",\"target\":[\"https:\\\/\\\/prahl-barsoe.de\\\/pl\\\/unternehmen\\\/\"]}]},{\"@type\":\"BreadcrumbList\",\"@id\":\"https:\\\/\\\/prahl-barsoe.de\\\/pl\\\/unternehmen\\\/#breadcrumb\",\"itemListElement\":[{\"@type\":\"ListItem\",\"position\":1,\"name\":\"Startseite\",\"item\":\"https:\\\/\\\/prahl-barsoe.de\\\/pl\\\/\"},{\"@type\":\"ListItem\",\"position\":2,\"name\":\"Przedsi\u0119biorstwo\"}]},{\"@type\":\"WebSite\",\"@id\":\"https:\\\/\\\/prahl-barsoe.de\\\/#website\",\"url\":\"https:\\\/\\\/prahl-barsoe.de\\\/\",\"name\":\"Prahl &amp; Barsoe\",\"description\":\"\",\"potentialAction\":[{\"@type\":\"SearchAction\",\"target\":{\"@type\":\"EntryPoint\",\"urlTemplate\":\"https:\\\/\\\/prahl-barsoe.de\\\/?s={search_term_string}\"},\"query-input\":{\"@type\":\"PropertyValueSpecification\",\"valueRequired\":true,\"valueName\":\"search_term_string\"}}],\"inLanguage\":\"pl-PL\"}]}<\/script>\n<!-- \/ Yoast SEO plugin. -->","yoast_head_json":{"title":"Przedsi\u0119biorstwo - Prahl &amp; Barsoe","robots":{"index":"index","follow":"follow","max-snippet":"max-snippet:-1","max-image-preview":"max-image-preview:large","max-video-preview":"max-video-preview:-1"},"canonical":"https:\/\/prahl-barsoe.de\/pl\/unternehmen\/","og_locale":"pl_PL","og_type":"article","og_title":"Przedsi\u0119biorstwo - Prahl &amp; Barsoe","og_description":"[vc_row][vc_column][vc_single_image image=&#8221;3283&#8243; img_size=&#8221;full&#8221; alignment=&#8221;center&#8221; el_class=&#8221;120&#8243;][vc_row_inner][vc_column_inner width=&#8221;3\/4&#8243;][\/vc_column_inner][vc_column_inner width=&#8221;1\/4&#8243;][vc_column_text css=&#8221;.vc_custom_1551100170365{background-color: #dd3333 !important;background-position: center !important;background-repeat: no-repeat !important;background-size: cover !important;border-radius: 3px !important;}&#8221;] Ludzie [\/vc_column_text][vc_single_image image=&#8221;3374&#8243; img_size=&#8221;full&#8221; alignment=&#8221;center&#8221;][vc_column_text css=&#8221;.vc_custom_1551100213565{background-color: #ffffff !important;background-position: center !important;background-repeat: no-repeat !important;background-size: cover !important;border-radius: 3px !important;}&#8221;] Manuela Kneeser Pracuje w przedsi\u0119biorstwie od 7 lat jako specjalistka ds. eksportu. Uwielbia tatua\u017ce i ch\u0119tnie chodzi z m\u0119\u017cem i c\u00f3rk\u0105&hellip;","og_url":"https:\/\/prahl-barsoe.de\/pl\/unternehmen\/","og_site_name":"Prahl &amp; Barsoe","article_modified_time":"2019-03-06T12:15:39+00:00","twitter_card":"summary_large_image","twitter_misc":{"Szacowany czas czytania":"2 minuty"},"schema":{"@context":"https:\/\/schema.org","@graph":[{"@type":"WebPage","@id":"https:\/\/prahl-barsoe.de\/pl\/unternehmen\/","url":"https:\/\/prahl-barsoe.de\/pl\/unternehmen\/","name":"Przedsi\u0119biorstwo - Prahl &amp; Barsoe","isPartOf":{"@id":"https:\/\/prahl-barsoe.de\/#website"},"datePublished":"2018-07-23T14:59:18+00:00","dateModified":"2019-03-06T12:15:39+00:00","breadcrumb":{"@id":"https:\/\/prahl-barsoe.de\/pl\/unternehmen\/#breadcrumb"},"inLanguage":"pl-PL","potentialAction":[{"@type":"ReadAction","target":["https:\/\/prahl-barsoe.de\/pl\/unternehmen\/"]}]},{"@type":"BreadcrumbList","@id":"https:\/\/prahl-barsoe.de\/pl\/unternehmen\/#breadcrumb","itemListElement":[{"@type":"ListItem","position":1,"name":"Startseite","item":"https:\/\/prahl-barsoe.de\/pl\/"},{"@type":"ListItem","position":2,"name":"Przedsi\u0119biorstwo"}]},{"@type":"WebSite","@id":"https:\/\/prahl-barsoe.de\/#website","url":"https:\/\/prahl-barsoe.de\/","name":"Prahl &amp; Barsoe","description":"","potentialAction":[{"@type":"SearchAction","target":{"@type":"EntryPoint","urlTemplate":"https:\/\/prahl-barsoe.de\/?s={search_term_string}"},"query-input":{"@type":"PropertyValueSpecification","valueRequired":true,"valueName":"search_term_string"}}],"inLanguage":"pl-PL"}]}},"_links":{"self":[{"href":"https:\/\/prahl-barsoe.de\/pl\/wp-json\/wp\/v2\/pages\/3344","targetHints":{"allow":["GET"]}}],"collection":[{"href":"https:\/\/prahl-barsoe.de\/pl\/wp-json\/wp\/v2\/pages"}],"about":[{"href":"https:\/\/prahl-barsoe.de\/pl\/wp-json\/wp\/v2\/types\/page"}],"author":[{"embeddable":true,"href":"https:\/\/prahl-barsoe.de\/pl\/wp-json\/wp\/v2\/users\/1"}],"replies":[{"embeddable":true,"href":"https:\/\/prahl-barsoe.de\/pl\/wp-json\/wp\/v2\/comments?post=3344"}],"version-history":[{"count":20,"href":"https:\/\/prahl-barsoe.de\/pl\/wp-json\/wp\/v2\/pages\/3344\/revisions"}],"predecessor-version":[{"id":4248,"href":"https:\/\/prahl-barsoe.de\/pl\/wp-json\/wp\/v2\/pages\/3344\/revisions\/4248"}],"wp:attachment":[{"href":"https:\/\/prahl-barsoe.de\/pl\/wp-json\/wp\/v2\/media?parent=3344"}],"curies":[{"name":"wp","href":"https:\/\/api.w.org\/{rel}","templated":true}]}}